{"id":26219,"date":"2020-05-02T14:37:28","date_gmt":"2020-05-02T13:37:28","guid":{"rendered":"https:\/\/raritywatches.com\/product\/epic-x-chrono-bugatti\/"},"modified":"2023-02-09T11:35:40","modified_gmt":"2023-02-09T11:35:40","slug":"jacob-co-epic-x-chrono-bugatti","status":"publish","type":"product","link":"https:\/\/raritywatches.com\/ca\/producte\/jacob-co-epic-x-chrono-bugatti\/","title":{"rendered":"Jacob &amp; Co Epic X Chrono Bugatti"},"content":{"rendered":"<div class=\"content-container\">\n<h2 class=\"section-title\"><\/h2>\n<div class=\"social-container social-col social-col-white\"><\/div>\n<div class=\"content-container\">\n<p>&nbsp;<\/p>\n<\/div>\n<\/div>\n<div><\/div>\n<div><\/div>\n","protected":false},"excerpt":{"rendered":"<section id=\"hero-219238\" class=\"layout-hero-image-callouts\" data-page-id=\"219238\" data-theme=\"\" data-layout-id=\"6600\" data-title=\"Hero\">\n<div class=\"width-container\">\n<div class=\"callout-container\">\n<h1 class=\"page-title\">Epic X Chrono Bugatti<\/h1>\n<h2 class=\"section-title\">Hist\u00f2ria<\/h2>\n<div class=\"content-container\">\n<p>El 2019, Bugatti va complir 110 anys. Per celebrar aquesta fita i per inaugurar la seva associaci\u00f3 amb la marca d&#8217;hipercotxes, Jacob &amp; Co. va crear l&#8217;Epic X Chrono Bugatti, una edici\u00f3 limitada de 110 peces, una per cada any que Bugatti ha existit.<\/p>\n<p>Bugatti, fundat el 1909 pel dissenyador industrial Ettore Bugatti, \u00e9s conegut per la seva bellesa de disseny i els seus cotxes d&#8217;alt rendiment. Ettore Bugatti provenia d&#8217;una fam\u00edlia d&#8217;artistes i va traduir aquest llinatge en una s\u00e8rie de vehicles incre\u00efblement bonics. Els cotxes del Gran Premi Type 35, el Type 41 &#8220;Royale&#8221;, el Type 57 &#8220;Atlantic&#8221; i el Type 55 esportius s\u00f3n alguns exemples de les seves primeres obres mestres.<\/p>\n<p>El Bugatti actual es pren seriosament la seva hist\u00f2ria i aplica molts dels principis del fundador. Reconeixen que Bugatti \u00e9s diferent de totes les altres marques de cotxes i, com a resultat, es comprometen a fer les coses a la manera de Bugatti, seguint la famosa frase d&#8217;Ettore Bugatti: &#8220;Res \u00e9s massa bonic, res \u00e9s massa car&#8221;. L&#8217;empresa actual, adquirida pel Grup Volkswagen el 1998, ofereix el Veyron, el Chiron, el Centodieci, l&#8217;EB110, La Voiture Noire, el Chiron PUR Sport, entre d&#8217;altres.<\/p>\n<\/div>\n<\/div>\n<\/div>\n<\/section>\n<section id=\"story-219239\" class=\"layout-single-content-image\" data-page-id=\"219239\" data-theme=\"\" data-layout-id=\"6596\" data-title=\"Story\">\n<div class=\"width-container\">\n<div class=\"image-column\"><img decoding=\"async\" class=\"content-image lazyload\" data-src=\"https:\/\/transform.octanecdn.com\/crop\/700x650\/https:\/\/dynamix-cdn.s3.amazonaws.com\/jacobandcocom\/jacobandcocom_741130132.jpg\" alt=\"un primer pla d'un rellotge\" src=\"data:image\/gif;base64,R0lGODlhAQABAAAAACH5BAEKAAEALAAAAAABAAEAAAICTAEAOw==\"><\/div>\n<div class=\"content-column inview-cascade-fade-up inview\">\n<div class=\"content-container\">\n<p>&nbsp;<\/p>\n<\/div>\n<div class=\"buttons-container\"><\/div>\n<\/div>\n<\/div>\n<\/section>\n<section id=\"bugatti-touches-276300\" class=\"layout-single-content-image\" data-page-id=\"276300\" data-theme=\"\" data-layout-id=\"6596\" data-title=\"BUGATTI TOUCHES\">\n<div class=\"width-container\">\n<div class=\"image-column\"><img decoding=\"async\" class=\"content-image lazyload\" data-src=\"https:\/\/transform.octanecdn.com\/crop\/700x650\/https:\/\/dynamix-cdn.s3.amazonaws.com\/jacobandcocom\/jacobandcocom_866654554.jpg\" alt=\"un rellotge negre en una motocicleta\" src=\"data:image\/gif;base64,R0lGODlhAQABAAAAACH5BAEKAAEALAAAAAABAAEAAAICTAEAOw==\"><\/div>\n<div class=\"content-column inview-cascade-fade-up inview\">\n<h2 class=\"section-title\">BUGATTI TOCA<\/h2>\n<div class=\"content-container\">\n<p>Basat en l&#8217;Epic X Chrono existent, el rellotge m\u00e9s esportiu de la col\u00b7lecci\u00f3 Jacob &amp; Co., aquest rellotge es modifica de diverses maneres clau per fer-lo \u00fanic a Bugatti.<\/p>\n<p>Per primera vegada, Jacob &amp; Co. ha utilitzat carboni forjat per a la carcassa Epic X, espec\u00edficament per combinar amb el material utilitzat en el cos del Chiron d&#8217;aniversari.<\/p>\n<p>Pel mig de l&#8217;esfera bi-compax hi ha els colors de la bandera francesa (vermell, blanc i blau), ja que Bugatti \u00e9s una empresa francesa, amb seu a Molsheim, Fran\u00e7a, a la regi\u00f3 d&#8217;Als\u00e0cia. El logotip de Bugatti es mostra de manera destacada a les sis, mentre que el logotip especial EB, per a Ettore Bugatti, el fundador de la firma, es col\u00b7loca a les 12 en punt.<\/p>\n<p>Flanquejant aquest colorit cop d&#8217;ull als or\u00edgens francesos de Bugatti, hi ha dos subdials: el de l&#8217;esquerra \u00e9s per als segons corrents, mentre que el de la dreta \u00e9s per als minuts transcorreguts. La m\u00e0 de segon cron\u00f2graf vermella es troba al centre de l&#8217;esfera i s&#8217;engega, s&#8217;atura i es reinicia amb els dos polsadors del costat dret de la caixa.<\/p>\n<p>A la posici\u00f3 de les 10 hi ha una altra corona. Premeu aquesta corona i podreu moure el bisell de cronometratge giratori interior, la qual cosa us permetr\u00e0 utilitzar-lo com a temporitzador de compte enrere o per recordar l&#8217;hora d&#8217;inici. Esportiu i robust, l&#8217;Epic X Chrono Bugatti \u00e9s un company vers\u00e0til.<\/p>\n<\/div>\n<div class=\"buttons-container\"><\/div>\n<\/div>\n<\/div>\n<\/section>\n<section id=\"the-movement-276302\" class=\"layout-single-content-image\" data-page-id=\"276302\" data-theme=\"\" data-layout-id=\"6596\" data-title=\"THE MOVEMENT\">\n<div class=\"width-container\">\n<div class=\"image-column\"><img decoding=\"async\" class=\"content-image lazyload\" data-src=\"https:\/\/transform.octanecdn.com\/crop\/700x650\/https:\/\/dynamix-cdn.s3.amazonaws.com\/jacobandcocom\/jacobandcocom_669155723.jpg\" alt=\"un primer pla d'un rellotge\" src=\"data:image\/gif;base64,R0lGODlhAQABAAAAACH5BAEKAAEALAAAAAABAAEAAAICTAEAOw==\"><\/div>\n<div class=\"content-column inview-cascade-fade-up inview\">\n<h2 class=\"section-title\">EL MOVIMENT<\/h2>\n<div class=\"content-container\">\n<p>El motor d&#8217;aquest rellotge d&#8217;homenatge \u00e9s un moviment cron\u00f2graf autom\u00e0tic de roda de columnes d&#8217;alta rellotgeria, el JCAA05, esqueletitzat i exclusiu de Jacob &amp; Co. Visible a trav\u00e9s del fons de cristall de safir, el moviment est\u00e0 acabat al m\u00e0xim grau. Tamb\u00e9 a la part posterior de la caixa hi ha una reproducci\u00f3 de la placa especial del 110 aniversari de l&#8217;hipercotxe. La corretja de goma negra est\u00e0 inspirada en la part posterior dels supercotxes del fabricant franc\u00e8s, i el logotip EB tamb\u00e9 apareix a la sivella de la corretja.<\/p>\n<\/div>\n<div class=\"buttons-container\"><\/div>\n<\/div>\n<\/div>\n<\/section>\n<section id=\"jacob-co-epic-x-chrono-bugatti-at-a-glance-276303\" class=\"layout-single-content-image\" data-page-id=\"276303\" data-theme=\"\" data-layout-id=\"6596\" data-title=\"Jacob &amp; Co. Epic X Chrono Bugatti at a Glance\">\n<div class=\"width-container\">\n<div class=\"image-column\"><img decoding=\"async\" class=\"content-image lazyload\" data-src=\"https:\/\/transform.octanecdn.com\/crop\/700x650\/https:\/\/dynamix-cdn.s3.amazonaws.com\/jacobandcocom\/jacobandcocom_999661521.jpg\" alt=\"\" src=\"data:image\/gif;base64,R0lGODlhAQABAAAAACH5BAEKAAEALAAAAAABAAEAAAICTAEAOw==\"><\/div>\n<div class=\"content-column inview-cascade-fade-up inview\">\n<h2 class=\"section-title\">Jacob &amp; Co. Epic X Chrono Bugatti d&#8217;un cop d&#8217;ull<\/h2>\n<div class=\"content-container\">\n<p>Caixa especial de carboni forjat per combinar amb l&#8217;edici\u00f3 d&#8217;aniversari de Chiron.<\/p>\n<p>Colors de la bandera francesa a l&#8217;esfera.<\/p>\n<p>Placa d&#8217;aniversari a la part posterior de l&#8217;exposici\u00f3 de vidre de safir.<\/p>\n<p>Logotip de Bugatti a les 6 en punt.<\/p>\n<p>Cron\u00f2graf autom\u00e0tic de roda de columnes d&#8217;alta rellotgeria.<\/p>\n<p>Ettore Bugatti &#8220;EB&#8221; a les 12 en punt i a la sivella.<\/p>\n<p>La caixa \u00e9s de 47 mm, feta de carboni forjat amb un nucli de titani.<\/p>\n<p>Resist\u00e8ncia a l&#8217;aigua: 200 metres.<\/p>\n<p>Limitat a 110 peces.<\/p>\n<\/div>\n<\/div>\n<\/div>\n<\/section>\n","protected":false},"featured_media":24895,"comment_status":"open","ping_status":"closed","template":"","meta":{"om_disable_all_campaigns":false,"_monsterinsights_skip_tracking":false,"_monsterinsights_sitenote_active":false,"_monsterinsights_sitenote_note":"","_monsterinsights_sitenote_category":0},"product_brand":[],"product_cat":[411],"product_tag":[],"giftcard-category":[],"class_list":{"0":"post-26219","1":"product","2":"type-product","3":"status-publish","4":"has-post-thumbnail","6":"product_cat-jacob-co","8":"first","9":"outofstock","10":"taxable","11":"shipping-taxable","12":"product-type-simple"},"aioseo_notices":[],"_links":{"self":[{"href":"https:\/\/raritywatches.com\/ca\/wp-json\/wp\/v2\/product\/26219","targetHints":{"allow":["GET"]}}],"collection":[{"href":"https:\/\/raritywatches.com\/ca\/wp-json\/wp\/v2\/product"}],"about":[{"href":"https:\/\/raritywatches.com\/ca\/wp-json\/wp\/v2\/types\/product"}],"replies":[{"embeddable":true,"href":"https:\/\/raritywatches.com\/ca\/wp-json\/wp\/v2\/comments?post=26219"}],"version-history":[{"count":3,"href":"https:\/\/raritywatches.com\/ca\/wp-json\/wp\/v2\/product\/26219\/revisions"}],"predecessor-version":[{"id":27777,"href":"https:\/\/raritywatches.com\/ca\/wp-json\/wp\/v2\/product\/26219\/revisions\/27777"}],"wp:featuredmedia":[{"embeddable":true,"href":"https:\/\/raritywatches.com\/ca\/wp-json\/wp\/v2\/media\/24895"}],"wp:attachment":[{"href":"https:\/\/raritywatches.com\/ca\/wp-json\/wp\/v2\/media?parent=26219"}],"wp:term":[{"taxonomy":"product_brand","embeddable":true,"href":"https:\/\/raritywatches.com\/ca\/wp-json\/wp\/v2\/product_brand?post=26219"},{"taxonomy":"product_cat","embeddable":true,"href":"https:\/\/raritywatches.com\/ca\/wp-json\/wp\/v2\/product_cat?post=26219"},{"taxonomy":"product_tag","embeddable":true,"href":"https:\/\/raritywatches.com\/ca\/wp-json\/wp\/v2\/product_tag?post=26219"},{"taxonomy":"giftcard-category","embeddable":true,"href":"https:\/\/raritywatches.com\/ca\/wp-json\/wp\/v2\/giftcard-category?post=26219"}],"curies":[{"name":"wp","href":"https:\/\/api.w.org\/{rel}","templated":true}]}}