{"id":30110,"date":"2023-06-21T11:12:07","date_gmt":"2023-06-21T10:12:07","guid":{"rendered":"https:\/\/raritywatches.com\/patek-philippe\/"},"modified":"2023-07-10T17:27:13","modified_gmt":"2023-07-10T16:27:13","slug":"patek-philippe","status":"publish","type":"page","link":"https:\/\/raritywatches.com\/ca\/marques\/patek-philippe\/","title":{"rendered":"patek philippe"},"content":{"rendered":"\n<figure class=\"wp-block-image size-frank-jewelry-store-thumb-med\"><img fetchpriority=\"high\" decoding=\"async\" width=\"300\" height=\"230\" src=\"https:\/\/raritywatches.com\/wp-content\/uploads\/2023\/07\/Patek-Logo-300x230.jpeg\" alt=\"\" class=\"wp-image-29988\"\/><\/figure>\n\n<div style=\"height:67px\" aria-hidden=\"true\" class=\"wp-block-spacer\"><\/div>\n<p><strong>PATEK PHILIPPE<\/strong>, un dels rellotgers m\u00e9s prestigiosos del m\u00f3n, t\u00e9 una hist\u00f2ria hist\u00f2rica que es remunta a m\u00e9s de 180 anys. Fundada el 1839 a Ginebra, Su\u00efssa, per Antoni Patek i Adrien Philippe, la marca s&#8217;ha convertit en sin\u00f2nim d&#8217;una artesania exquisida i d&#8217;una eleg\u00e0ncia atemporal. <\/p>\n<p>L&#8217;associaci\u00f3 entre Antoni Patek, un noble polon\u00e8s i empresari visionari, i Adrien Philippe, un talent\u00f3s rellotger i inventor, va establir les bases de l&#8217;\u00e8xit de la marca. Junts, van compartir la passi\u00f3 per crear rellotges excepcionals que combinessin innovaci\u00f3, precisi\u00f3 i bellesa est\u00e8tica. <\/p>\n<p>Patek Philippe va guanyar r\u00e0pidament el reconeixement pel seu comprom\u00eds amb la innovaci\u00f3. El 1845, Adrien Philippe va patentar un mecanisme d&#8217;enrotllament sense clau i d&#8217;ajust del temps, conegut com el sistema de bobinat de la corona. Aquesta invenci\u00f3 innovadora va revolucionar la manera de fer i muntar els rellotges, simplificant el proc\u00e9s per als usuaris.  <\/p>\n<p>Al llarg del segle XIX i principis del XX, la reputaci\u00f3 de Patek Philippe va cr\u00e9ixer constantment. La marca va mostrar el seu domini t\u00e8cnic produint rellotges molt complicats, inclosos calendaris perpetus, repetidors de minuts i cron\u00f2grafs. Els rellotges de Patek Philippe es van convertir en buscats pels col\u00b7leccionistes exigents i els entusiastes dels rellotges de tot el m\u00f3n.  <\/p>\n<p>El 1925, la marca va establir el seu emblem\u00e0tic segell de Ginebra, una certificaci\u00f3 de prestigi atorgada als rellotges que compleixen criteris estrictes d&#8217;artesania i precisi\u00f3. Aquesta certificaci\u00f3 va consolidar encara m\u00e9s la reputaci\u00f3 de Patek Philippe per l&#8217;excel\u00b7l\u00e8ncia i la qualitat sense compromisos. <\/p>\n<p>El comprom\u00eds de Patek Philippe amb l&#8217;artesania i l&#8217;atenci\u00f3 al detall es va estendre a la seva filosofia de disseny. La marca va abra\u00e7ar tant l&#8217;est\u00e8tica cl\u00e0ssica com la contempor\u00e0nia, creant rellotges que van transcendir les tend\u00e8ncies que passaven. Els models emblem\u00e0tics, com ara el Calatrava, el Nautilus i l&#8217;Aquanaut, van exemplificar l&#8217;eleg\u00e0ncia atemporal i l&#8217;estil distintiu de Patek Philippe.  <\/p>\n<p>Al llarg dels anys, Patek Philippe va continuar avan\u00e7ant els l\u00edmits de la rellotgeria. La marca va introduir materials innovadors, complicacions intricades i moviments excepcionals elaborats amb una precisi\u00f3 meticulosa. Cada rellotge es va convertir en una obra d&#8217;art, un testimoni de la dedicaci\u00f3 inquebrantable de la marca al domini horlol\u00f2gic.  <\/p>\n<p>El patrimoni d&#8217;excel\u00b7l\u00e8ncia de Patek Philippe est\u00e0 estretament lligat a la propietat familiar. La fam\u00edlia Stern, que va adquirir l&#8217;empresa l&#8217;any 1932, ha continuat compromesa a preservar el llegat de la marca alhora que adopta els aven\u00e7os moderns. Sota la seva direcci\u00f3, Patek Philippe ha continuat prosperant com a s\u00edmbol de sofisticaci\u00f3, her\u00e8ncia i exclusivitat.  <\/p>\n<p>Avui, Patek Philippe s&#8217;erigeix com un ep\u00edtom de l&#8217;alta horlogeria. Els seus rellotges s\u00f3n apreciats per col\u00b7leccionistes i coneixedors de tot el m\u00f3n, i les seves subhastes aconsegueixen preus r\u00e8cords. El comprom\u00eds inquebrantable de la marca amb l&#8217;artesania excepcional, la innovaci\u00f3 t\u00e8cnica i el disseny atemporal garanteix que Patek Philippe continuar\u00e0 captivant i inspirant per a les generacions futures.  <\/p>\n","protected":false},"excerpt":{"rendered":"<p>PATEK PHILIPPE, un dels rellotgers m\u00e9s prestigiosos del m\u00f3n, t\u00e9 una hist\u00f2ria hist\u00f2rica que es remunta a m\u00e9s de 180 anys. Fundada el 1839 a Ginebra, Su\u00efssa, per Antoni Patek&hellip;<\/p>\n","protected":false},"author":1,"featured_media":0,"parent":30048,"menu_order":0,"comment_status":"closed","ping_status":"closed","template":"","meta":{"om_disable_all_campaigns":false,"_monsterinsights_skip_tracking":false,"_monsterinsights_sitenote_active":false,"_monsterinsights_sitenote_note":"","_monsterinsights_sitenote_category":0,"footnotes":""},"class_list":["post-30110","page","type-page","status-publish","hentry"],"aioseo_notices":[],"_links":{"self":[{"href":"https:\/\/raritywatches.com\/ca\/wp-json\/wp\/v2\/pages\/30110","targetHints":{"allow":["GET"]}}],"collection":[{"href":"https:\/\/raritywatches.com\/ca\/wp-json\/wp\/v2\/pages"}],"about":[{"href":"https:\/\/raritywatches.com\/ca\/wp-json\/wp\/v2\/types\/page"}],"author":[{"embeddable":true,"href":"https:\/\/raritywatches.com\/ca\/wp-json\/wp\/v2\/users\/1"}],"replies":[{"embeddable":true,"href":"https:\/\/raritywatches.com\/ca\/wp-json\/wp\/v2\/comments?post=30110"}],"version-history":[{"count":1,"href":"https:\/\/raritywatches.com\/ca\/wp-json\/wp\/v2\/pages\/30110\/revisions"}],"predecessor-version":[{"id":30111,"href":"https:\/\/raritywatches.com\/ca\/wp-json\/wp\/v2\/pages\/30110\/revisions\/30111"}],"up":[{"embeddable":true,"href":"https:\/\/raritywatches.com\/ca\/wp-json\/wp\/v2\/pages\/30048"}],"wp:attachment":[{"href":"https:\/\/raritywatches.com\/ca\/wp-json\/wp\/v2\/media?parent=30110"}],"curies":[{"name":"wp","href":"https:\/\/api.w.org\/{rel}","templated":true}]}}