{"id":30104,"date":"2023-06-21T10:47:18","date_gmt":"2023-06-21T09:47:18","guid":{"rendered":"https:\/\/raritywatches.com\/rolex\/"},"modified":"2023-07-10T17:38:30","modified_gmt":"2023-07-10T16:38:30","slug":"rolex","status":"publish","type":"page","link":"https:\/\/raritywatches.com\/ca\/marques\/rolex\/","title":{"rendered":"Rolex"},"content":{"rendered":"\n<figure class=\"wp-block-image size-medium\"><img fetchpriority=\"high\" decoding=\"async\" width=\"300\" height=\"225\" src=\"https:\/\/raritywatches.com\/wp-content\/uploads\/2023\/07\/rolex-logo-1-300x225.jpeg\" alt=\"\" class=\"wp-image-30096\" srcset=\"https:\/\/raritywatches.com\/wp-content\/uploads\/2023\/07\/rolex-logo-1-300x225.jpeg 300w, https:\/\/raritywatches.com\/wp-content\/uploads\/2023\/07\/rolex-logo-1-768x576.jpeg 768w, https:\/\/raritywatches.com\/wp-content\/uploads\/2023\/07\/rolex-logo-1-370x278.jpeg 370w, https:\/\/raritywatches.com\/wp-content\/uploads\/2023\/07\/rolex-logo-1-850x638.jpeg 850w, https:\/\/raritywatches.com\/wp-content\/uploads\/2023\/07\/rolex-logo-1-410x308.jpeg 410w, https:\/\/raritywatches.com\/wp-content\/uploads\/2023\/07\/rolex-logo-1-600x450.jpeg 600w, https:\/\/raritywatches.com\/wp-content\/uploads\/2023\/07\/rolex-logo-1.jpeg 866w\" sizes=\"(max-width: 300px) 100vw, 300px\" \/><\/figure>\n\n\n\n<div style=\"height:56px\" aria-hidden=\"true\" class=\"wp-block-spacer\"><\/div>\n\n\n<p><strong>ROLEX<\/strong>, un reconegut fabricant de rellotges de luxe, t\u00e9 una rica hist\u00f2ria que abasta m\u00e9s d&#8217;un segle. Fundada el 1905 per Hans Wilsdorf i Alfred Davis a Londres, la companyia va operar inicialment amb el nom de &#8220;Wilsdorf &amp; Davis&#8221;. La seva visi\u00f3 era crear rellotges precisos i fiables que es poguessin portar al canell, un concepte revolucionari en aquell moment.  <\/p>\n<p>El 1908, la companyia va registrar la marca &#8220;Rolex&#8221; i va obrir una oficina a La Chaux-de-Fonds, Su\u00efssa. Rolex es va guanyar r\u00e0pidament una reputaci\u00f3 pel seu enfocament innovador de la rellotgeria i el comprom\u00eds amb la precisi\u00f3. El 1910, es va convertir en el primer rellotge de polsera que va rebre el certificat su\u00eds de precisi\u00f3 cronom\u00e8trica, una prova de la seva precisi\u00f3.  <\/p>\n<p>Al llarg dels anys, Rolex va continuar innovant i introduint funcions innovadores. El 1926, la marca va presentar la caixa Oyster, el primer rellotge de polsera impermeable del m\u00f3n, que va revolucionar la durabilitat i la fiabilitat del rellotge. Per demostrar les seves capacitats impermeables, Rolex va encarregar un truc publicitari on Mercedes Gleitze, una jove nedadora anglesa, portava un rellotge Oyster mentre travessava el canal de la M\u00e0nega.  <\/p>\n<p>El 1931, Rolex va introduir una altra innovaci\u00f3 important: el rotor Perpetual. Aquest mecanisme de bobinatge autom\u00e0tic va permetre al rellotge generar energia a partir del moviment natural del canell de l&#8217;usuari, eliminant la necessitat de bobinatge manual. El moviment Perpetual es va convertir en un segell distintiu dels rellotges Rolex.  <\/p>\n<p>Durant la Segona Guerra Mundial, Rolex va jugar un paper crucial en subministrar rellotges als presoners de guerra aliats. Aquests rellotges eren molt apreciats per la seva durabilitat i precisi\u00f3. Despr\u00e9s de la guerra, Rolex va continuar prosperant i ampliant la seva l\u00ednia de productes, introduint models emblem\u00e0tics com el Submariner, el GMT-Master i el Day-Date.  <\/p>\n<p>Els rellotges Rolex es van convertir en sin\u00f2nim d&#8217;eleg\u00e0ncia, precisi\u00f3 i \u00e8xit. Van adornar els canells de figures notables, com ara exploradors, atletes i l\u00edders mundials. L&#8217;associaci\u00f3 de la marca amb l&#8217;\u00e8xit i el luxe va consolidar la seva posici\u00f3 com a s\u00edmbol d&#8217;excel\u00b7l\u00e8ncia.  <\/p>\n<p>En els \u00faltims anys, Rolex ha mantingut la seva posici\u00f3 com a l\u00edder en la ind\u00fastria dels rellotges de luxe. La marca continua innovant, incorporant materials avan\u00e7ats com la cer\u00e0mica i introduint nous moviments amb precisi\u00f3 i reserva d&#8217;energia millorades. Tot i evolucionar amb els temps, Rolex s&#8217;ha mantingut fidel als seus valors originals d&#8217;artesania, precisi\u00f3 i disseny atemporal.  <\/p>","protected":false},"excerpt":{"rendered":"<p>ROLEX, un reconegut fabricant de rellotges de luxe, t\u00e9 una rica hist\u00f2ria que abasta m\u00e9s d&#8217;un segle. Fundada el 1905 per Hans Wilsdorf i Alfred Davis a Londres, la companyia&hellip;<\/p>\n","protected":false},"author":1,"featured_media":0,"parent":30048,"menu_order":0,"comment_status":"closed","ping_status":"closed","template":"","meta":{"om_disable_all_campaigns":false,"_monsterinsights_skip_tracking":false,"_monsterinsights_sitenote_active":false,"_monsterinsights_sitenote_note":"","_monsterinsights_sitenote_category":0,"footnotes":""},"class_list":["post-30104","page","type-page","status-publish","hentry"],"aioseo_notices":[],"_links":{"self":[{"href":"https:\/\/raritywatches.com\/ca\/wp-json\/wp\/v2\/pages\/30104","targetHints":{"allow":["GET"]}}],"collection":[{"href":"https:\/\/raritywatches.com\/ca\/wp-json\/wp\/v2\/pages"}],"about":[{"href":"https:\/\/raritywatches.com\/ca\/wp-json\/wp\/v2\/types\/page"}],"author":[{"embeddable":true,"href":"https:\/\/raritywatches.com\/ca\/wp-json\/wp\/v2\/users\/1"}],"replies":[{"embeddable":true,"href":"https:\/\/raritywatches.com\/ca\/wp-json\/wp\/v2\/comments?post=30104"}],"version-history":[{"count":2,"href":"https:\/\/raritywatches.com\/ca\/wp-json\/wp\/v2\/pages\/30104\/revisions"}],"predecessor-version":[{"id":30125,"href":"https:\/\/raritywatches.com\/ca\/wp-json\/wp\/v2\/pages\/30104\/revisions\/30125"}],"up":[{"embeddable":true,"href":"https:\/\/raritywatches.com\/ca\/wp-json\/wp\/v2\/pages\/30048"}],"wp:attachment":[{"href":"https:\/\/raritywatches.com\/ca\/wp-json\/wp\/v2\/media?parent=30104"}],"curies":[{"name":"wp","href":"https:\/\/api.w.org\/{rel}","templated":true}]}}