{"id":30080,"date":"2023-06-21T12:02:17","date_gmt":"2023-06-21T11:02:17","guid":{"rendered":"https:\/\/raritywatches.com\/mattey-tissot\/"},"modified":"2023-07-10T15:45:11","modified_gmt":"2023-07-10T14:45:11","slug":"mattey-tissot","status":"publish","type":"page","link":"https:\/\/raritywatches.com\/ca\/marques\/mattey-tissot\/","title":{"rendered":"MATTEY-TISSOT"},"content":{"rendered":"\n<figure class=\"wp-block-image size-trx_addons-thumb-small\"><img decoding=\"async\" width=\"270\" height=\"152\" data-src=\"https:\/\/raritywatches.com\/wp-content\/uploads\/2023\/06\/MT-logo-NEG-swiss-made-1-270x152.webp\" alt=\"\" class=\"wp-image-29858 lazyload\" data-srcset=\"https:\/\/raritywatches.com\/wp-content\/uploads\/2023\/06\/MT-logo-NEG-swiss-made-1-270x152.webp 270w, https:\/\/raritywatches.com\/wp-content\/uploads\/2023\/06\/MT-logo-NEG-swiss-made-1-410x230.webp 410w\" data-sizes=\"(max-width: 270px) 100vw, 270px\" src=\"data:image\/gif;base64,R0lGODlhAQABAAAAACH5BAEKAAEALAAAAAABAAEAAAICTAEAOw==\" style=\"--smush-placeholder-width: 270px; --smush-placeholder-aspect-ratio: 270\/152;\" \/><\/figure>\n<\/p>\n<p><strong>Mattey-Tissot<\/strong>, una marca de rellotges llegend\u00e0ria amb una hist\u00f2ria captivadora, remunta els seus or\u00edgens a finals del segle XIX. Fundada l&#8217;any 1883 pel visionari rellotger Antoine Mattey i el seu fill Charles Tissot, l&#8217;empresa es va embarcar en un viatge extraordinari que deixaria una empremta indeleble en el m\u00f3n horlol\u00f2gic. <\/p>\n<p>Des dels seus inicis, Mattey Tissot es va proposar revolucionar l&#8217;art de la rellotgeria. Els fundadors de la marca compartien una profunda passi\u00f3 per la precisi\u00f3 i l&#8217;artesania, i els seus esfor\u00e7os col\u00b7laboratius aviat van donar lloc a rellotges que capturaven l&#8217;ess\u00e8ncia de l&#8217;excel\u00b7l\u00e8ncia de la rellotgeria su\u00efssa. <\/p>\n<p>Mattey Tissot es va guanyar r\u00e0pidament una reputaci\u00f3 per la seva recerca incansable de la innovaci\u00f3. L&#8217;esperit pioner de la marca es va reflectir en els seus aven\u00e7os innovadors, com la introducci\u00f3 de rellotges de butxaca amb complicacions sofisticades i moviments precisos. Aquests rellotges mostraven el comprom\u00eds inquebrantable de la marca per superar els l\u00edmits del que era possible.  <\/p>\n<p>Quan va comen\u00e7ar el segle XX, Mattey Tissot va consolidar la seva posici\u00f3 com a fabricant l\u00edder de rellotges. Els rellotges de la marca van trobar el favor dels col\u00b7leccionistes m\u00e9s exigents, que es van sentir atrets per la seva precisi\u00f3 impecable i els seus dissenys elegants. Mattey Tissot es va convertir en un s\u00edmbol de prestigi, adornant els canells de la reialesa, els dignataris i els entusiastes dels rellotges de tot el m\u00f3n.  <\/p>\n<p>Al llarg dels anys, Mattey Tissot va continuar prosperant, adaptant-se al paisatge canviant de la ind\u00fastria del rellotge. La marca va adoptar els aven\u00e7os tecnol\u00f2gics, incorporant moviments autom\u00e0tics i adoptant conceptes de disseny avantguardistes. Cada rellotge Mattey Tissot es va convertir en una combinaci\u00f3 harm\u00f2nica de tradici\u00f3 i modernitat, mostrant la capacitat de la marca per equilibrar el patrimoni amb les tend\u00e8ncies contempor\u00e0nies.  <\/p>\n<p>El comprom\u00eds de Mattey Tissot amb l&#8217;excel\u00b7l\u00e8ncia es va estendre m\u00e9s enll\u00e0 de l&#8217;artesania dels seus rellotges. La marca tamb\u00e9 va fomentar una connexi\u00f3 profunda amb els seus clients, oferint un servei al client impecable i assegurant que cada persona que portava un Mattey Tissot se sentia part d&#8217;un llegat distingit. <\/p>\n<p>En l&#8217;actualitat, Mattey Tissot es destaca com una marca de rellotges de renom mundial, venerada pel seu ric patrimoni i la seva qualitat sense compromisos. Cada rellotge Mattey Tissot porta el llegat de generacions de rellotgers apassionats, perpetuant la tradici\u00f3 d&#8217;excel\u00b7l\u00e8ncia de la marca. <\/p>\n<p>Amb una dedicaci\u00f3 inquebrantable a la precisi\u00f3, la innovaci\u00f3 i l&#8217;eleg\u00e0ncia atemporal, Mattey Tissot continua captivant els entusiastes dels rellotges de tot el m\u00f3n. Els seus rellotges representen una fusi\u00f3 harm\u00f2nica de la tradici\u00f3 i l&#8217;est\u00e8tica contempor\u00e0nia, que encarnen l&#8217;esperit de la rellotgeria su\u00efssa en el seu millor moment. <\/p>\n\n<div style=\"height:100px\" aria-hidden=\"true\" class=\"wp-block-spacer\"><\/div>\n<div data-block-name=\"woocommerce\/product-category\" data-categories=\"[]\" class=\"wc-block-grid wp-block-product-category wp-block-woocommerce-product-category wc-block-product-category has-3-columns has-multiple-rows\"><ul class=\"wc-block-grid__products\"><li class=\"wc-block-grid__product\">\n\t\t\t\t<a href=\"https:\/\/raritywatches.com\/ca\/producte\/carl-suchy-sohne-belvedere-danube\/\" class=\"wc-block-grid__product-link\">\n\t\t\t\t\t\n\t\t\t\t\t<div class=\"wc-block-grid__product-image\"><img fetchpriority=\"high\" decoding=\"async\" width=\"350\" height=\"350\" src=\"https:\/\/raritywatches.com\/wp-content\/uploads\/2024\/09\/Suchy-Posts-0012-350x350.jpg\" class=\"attachment-woocommerce_thumbnail size-woocommerce_thumbnail\" alt=\"Carl Suchy  S\u00f6hne Belvedere Danube\" srcset=\"https:\/\/raritywatches.com\/wp-content\/uploads\/2024\/09\/Suchy-Posts-0012-350x350.jpg 350w, https:\/\/raritywatches.com\/wp-content\/uploads\/2024\/09\/Suchy-Posts-0012-300x300.jpg 300w, https:\/\/raritywatches.com\/wp-content\/uploads\/2024\/09\/Suchy-Posts-0012-1024x1024.jpg 1024w, https:\/\/raritywatches.com\/wp-content\/uploads\/2024\/09\/Suchy-Posts-0012-150x150.jpg 150w, https:\/\/raritywatches.com\/wp-content\/uploads\/2024\/09\/Suchy-Posts-0012-768x768.jpg 768w, https:\/\/raritywatches.com\/wp-content\/uploads\/2024\/09\/Suchy-Posts-0012-370x370.jpg 370w, https:\/\/raritywatches.com\/wp-content\/uploads\/2024\/09\/Suchy-Posts-0012-120x120.jpg 120w, https:\/\/raritywatches.com\/wp-content\/uploads\/2024\/09\/Suchy-Posts-0012-850x850.jpg 850w, https:\/\/raritywatches.com\/wp-content\/uploads\/2024\/09\/Suchy-Posts-0012-410x410.jpg 410w, https:\/\/raritywatches.com\/wp-content\/uploads\/2024\/09\/Suchy-Posts-0012-600x600.jpg 600w, https:\/\/raritywatches.com\/wp-content\/uploads\/2024\/09\/Suchy-Posts-0012.jpg 1080w\" sizes=\"(max-width: 600px) 100vw, 350px\" \/><\/div>\n\t\t\t\t\t<div class=\"wc-block-grid__product-title\">Carl Suchy  S\u00f6hne Belvedere Danube<\/div>\n\t\t\t\t<\/a>\n\t\t\t\t<div class=\"wc-block-grid__product-price price\"><span class=\"woocommerce-Price-amount amount\">8 900&nbsp;<span class=\"woocommerce-Price-currencySymbol\">&euro;<\/span><\/span><\/div>\n\t\t\t\t\n\t\t\t\t<div class=\"wp-block-button wc-block-grid__product-add-to-cart\"><a href=\"\/ca\/wp-json\/wp\/v2\/pages\/30080?add-to-cart=32361\" aria-label=\"Afegeix a la cistella: &ldquo;Carl Suchy  S\u00f6hne Belvedere Danube&rdquo;\" data-quantity=\"1\" data-product_id=\"32361\" data-product_sku=\"\" data-price=\"8900\" rel=\"nofollow\" class=\"wp-block-button__link  add_to_cart_button ajax_add_to_cart\">Afegeix a la cistella<\/a><\/div>\n\t\t\t<\/li><li class=\"wc-block-grid__product\">\n\t\t\t\t<a href=\"https:\/\/raritywatches.com\/ca\/producte\/carl-suchy-sohne-belvedere-night\/\" class=\"wc-block-grid__product-link\">\n\t\t\t\t\t\n\t\t\t\t\t<div class=\"wc-block-grid__product-image\"><img decoding=\"async\" width=\"350\" height=\"350\" data-src=\"https:\/\/raritywatches.com\/wp-content\/uploads\/2024\/09\/CS-Web-BelvedereShop-details-1536x1080-1-350x350.png\" class=\"attachment-woocommerce_thumbnail size-woocommerce_thumbnail lazyload\" alt=\"Carl Suchy  S\u00f6hne Belvedere Night\" data-srcset=\"https:\/\/raritywatches.com\/wp-content\/uploads\/2024\/09\/CS-Web-BelvedereShop-details-1536x1080-1-350x350.png 350w, https:\/\/raritywatches.com\/wp-content\/uploads\/2024\/09\/CS-Web-BelvedereShop-details-1536x1080-1-150x150.png 150w, https:\/\/raritywatches.com\/wp-content\/uploads\/2024\/09\/CS-Web-BelvedereShop-details-1536x1080-1-120x120.png 120w, https:\/\/raritywatches.com\/wp-content\/uploads\/2024\/09\/CS-Web-BelvedereShop-details-1536x1080-1-370x370.png 370w\" data-sizes=\"(max-width: 600px) 100vw, 350px\" src=\"data:image\/gif;base64,R0lGODlhAQABAAAAACH5BAEKAAEALAAAAAABAAEAAAICTAEAOw==\" style=\"--smush-placeholder-width: 350px; --smush-placeholder-aspect-ratio: 350\/350;\" \/><\/div>\n\t\t\t\t\t<div class=\"wc-block-grid__product-title\">Carl Suchy  S\u00f6hne Belvedere Night<\/div>\n\t\t\t\t<\/a>\n\t\t\t\t<div class=\"wc-block-grid__product-price price\"><span class=\"woocommerce-Price-amount amount\">8 900&nbsp;<span class=\"woocommerce-Price-currencySymbol\">&euro;<\/span><\/span><\/div>\n\t\t\t\t\n\t\t\t\t<div class=\"wp-block-button wc-block-grid__product-add-to-cart\"><a href=\"\/ca\/wp-json\/wp\/v2\/pages\/30080?add-to-cart=32357\" aria-label=\"Afegeix a la cistella: &ldquo;Carl Suchy  S\u00f6hne Belvedere Night&rdquo;\" data-quantity=\"1\" data-product_id=\"32357\" data-product_sku=\"\" data-price=\"8900\" rel=\"nofollow\" class=\"wp-block-button__link  add_to_cart_button ajax_add_to_cart\">Afegeix a la cistella<\/a><\/div>\n\t\t\t<\/li><li class=\"wc-block-grid__product\">\n\t\t\t\t<a href=\"https:\/\/raritywatches.com\/ca\/producte\/carl-suchy-sohne-belvedere-day\/\" class=\"wc-block-grid__product-link\">\n\t\t\t\t\t\n\t\t\t\t\t<div class=\"wc-block-grid__product-image\"><img decoding=\"async\" width=\"350\" height=\"350\" data-src=\"https:\/\/raritywatches.com\/wp-content\/uploads\/2024\/09\/CS-Web-BelvedereShop-details5-1536x1080-1-350x350.png\" class=\"attachment-woocommerce_thumbnail size-woocommerce_thumbnail lazyload\" alt=\"Carl Suchy  S\u00f6hne Belvedere Day\" data-srcset=\"https:\/\/raritywatches.com\/wp-content\/uploads\/2024\/09\/CS-Web-BelvedereShop-details5-1536x1080-1-350x350.png 350w, https:\/\/raritywatches.com\/wp-content\/uploads\/2024\/09\/CS-Web-BelvedereShop-details5-1536x1080-1-150x150.png 150w, https:\/\/raritywatches.com\/wp-content\/uploads\/2024\/09\/CS-Web-BelvedereShop-details5-1536x1080-1-120x120.png 120w, https:\/\/raritywatches.com\/wp-content\/uploads\/2024\/09\/CS-Web-BelvedereShop-details5-1536x1080-1-370x370.png 370w\" data-sizes=\"(max-width: 600px) 100vw, 350px\" src=\"data:image\/gif;base64,R0lGODlhAQABAAAAACH5BAEKAAEALAAAAAABAAEAAAICTAEAOw==\" style=\"--smush-placeholder-width: 350px; --smush-placeholder-aspect-ratio: 350\/350;\" \/><\/div>\n\t\t\t\t\t<div class=\"wc-block-grid__product-title\">Carl Suchy  S\u00f6hne Belvedere Day<\/div>\n\t\t\t\t<\/a>\n\t\t\t\t<div class=\"wc-block-grid__product-price price\"><span class=\"woocommerce-Price-amount amount\">8 900&nbsp;<span class=\"woocommerce-Price-currencySymbol\">&euro;<\/span><\/span><\/div>\n\t\t\t\t\n\t\t\t\t<div class=\"wp-block-button wc-block-grid__product-add-to-cart\"><a href=\"\/ca\/wp-json\/wp\/v2\/pages\/30080?add-to-cart=32353\" aria-label=\"Afegeix a la cistella: &ldquo;Carl Suchy  S\u00f6hne Belvedere Day&rdquo;\" data-quantity=\"1\" data-product_id=\"32353\" data-product_sku=\"\" data-price=\"8900\" rel=\"nofollow\" class=\"wp-block-button__link  add_to_cart_button ajax_add_to_cart\">Afegeix a la cistella<\/a><\/div>\n\t\t\t<\/li><li class=\"wc-block-grid__product\">\n\t\t\t\t<a href=\"https:\/\/raritywatches.com\/ca\/producte\/carl-suchy-sohne-belvedere-midnight\/\" class=\"wc-block-grid__product-link\">\n\t\t\t\t\t\n\t\t\t\t\t<div class=\"wc-block-grid__product-image\"><img decoding=\"async\" width=\"350\" height=\"350\" data-src=\"https:\/\/raritywatches.com\/wp-content\/uploads\/2024\/09\/Carl_Suchy_Belvedere_DLC_Front_RGB-350x350.png\" class=\"attachment-woocommerce_thumbnail size-woocommerce_thumbnail lazyload\" alt=\"Carl Suchy  S\u00f6hne Belvedere Midnight\" data-srcset=\"https:\/\/raritywatches.com\/wp-content\/uploads\/2024\/09\/Carl_Suchy_Belvedere_DLC_Front_RGB-350x350.png 350w, https:\/\/raritywatches.com\/wp-content\/uploads\/2024\/09\/Carl_Suchy_Belvedere_DLC_Front_RGB-150x150.png 150w, https:\/\/raritywatches.com\/wp-content\/uploads\/2024\/09\/Carl_Suchy_Belvedere_DLC_Front_RGB-120x120.png 120w, https:\/\/raritywatches.com\/wp-content\/uploads\/2024\/09\/Carl_Suchy_Belvedere_DLC_Front_RGB-370x370.png 370w\" data-sizes=\"(max-width: 600px) 100vw, 350px\" src=\"data:image\/gif;base64,R0lGODlhAQABAAAAACH5BAEKAAEALAAAAAABAAEAAAICTAEAOw==\" style=\"--smush-placeholder-width: 350px; --smush-placeholder-aspect-ratio: 350\/350;\" \/><\/div>\n\t\t\t\t\t<div class=\"wc-block-grid__product-title\">Carl Suchy  S\u00f6hne Belvedere Midnight<\/div>\n\t\t\t\t<\/a>\n\t\t\t\t<div class=\"wc-block-grid__product-price price\"><span class=\"woocommerce-Price-amount amount\">9 900&nbsp;<span class=\"woocommerce-Price-currencySymbol\">&euro;<\/span><\/span><\/div>\n\t\t\t\t\n\t\t\t\t<div class=\"wp-block-button wc-block-grid__product-add-to-cart\"><a href=\"\/ca\/wp-json\/wp\/v2\/pages\/30080?add-to-cart=32347\" aria-label=\"Afegeix a la cistella: &ldquo;Carl Suchy  S\u00f6hne Belvedere Midnight&rdquo;\" data-quantity=\"1\" data-product_id=\"32347\" data-product_sku=\"\" data-price=\"9900\" rel=\"nofollow\" class=\"wp-block-button__link  add_to_cart_button ajax_add_to_cart\">Afegeix a la cistella<\/a><\/div>\n\t\t\t<\/li><li class=\"wc-block-grid__product\">\n\t\t\t\t<a href=\"https:\/\/raritywatches.com\/ca\/producte\/carl-suchy-sohne-belvedere-titan\/\" class=\"wc-block-grid__product-link\">\n\t\t\t\t\t\n\t\t\t\t\t<div class=\"wc-block-grid__product-image\"><img decoding=\"async\" width=\"350\" height=\"350\" data-src=\"https:\/\/raritywatches.com\/wp-content\/uploads\/2024\/09\/Carl_Suchy_Belvedere_Titan_Front_RGB-1-350x350.jpg\" class=\"attachment-woocommerce_thumbnail size-woocommerce_thumbnail lazyload\" alt=\"Carl Suchy  S\u00f6hne Belvedere Titan\" data-srcset=\"https:\/\/raritywatches.com\/wp-content\/uploads\/2024\/09\/Carl_Suchy_Belvedere_Titan_Front_RGB-1-350x350.jpg 350w, https:\/\/raritywatches.com\/wp-content\/uploads\/2024\/09\/Carl_Suchy_Belvedere_Titan_Front_RGB-1-150x150.jpg 150w, https:\/\/raritywatches.com\/wp-content\/uploads\/2024\/09\/Carl_Suchy_Belvedere_Titan_Front_RGB-1-120x120.jpg 120w, https:\/\/raritywatches.com\/wp-content\/uploads\/2024\/09\/Carl_Suchy_Belvedere_Titan_Front_RGB-1-370x370.jpg 370w\" data-sizes=\"(max-width: 600px) 100vw, 350px\" src=\"data:image\/gif;base64,R0lGODlhAQABAAAAACH5BAEKAAEALAAAAAABAAEAAAICTAEAOw==\" style=\"--smush-placeholder-width: 350px; --smush-placeholder-aspect-ratio: 350\/350;\" \/><\/div>\n\t\t\t\t\t<div class=\"wc-block-grid__product-title\">Carl Suchy  S\u00f6hne Belvedere Titan<\/div>\n\t\t\t\t<\/a>\n\t\t\t\t<div class=\"wc-block-grid__product-price price\"><span class=\"woocommerce-Price-amount amount\">10 900&nbsp;<span class=\"woocommerce-Price-currencySymbol\">&euro;<\/span><\/span><\/div>\n\t\t\t\t\n\t\t\t\t<div class=\"wp-block-button wc-block-grid__product-add-to-cart\"><a href=\"\/ca\/wp-json\/wp\/v2\/pages\/30080?add-to-cart=32344\" aria-label=\"Afegeix a la cistella: &ldquo;Carl Suchy  S\u00f6hne Belvedere Titan&rdquo;\" data-quantity=\"1\" data-product_id=\"32344\" data-product_sku=\"\" data-price=\"10900\" rel=\"nofollow\" class=\"wp-block-button__link  add_to_cart_button ajax_add_to_cart\">Afegeix a la cistella<\/a><\/div>\n\t\t\t<\/li><li class=\"wc-block-grid__product\">\n\t\t\t\t<a href=\"https:\/\/raritywatches.com\/ca\/producte\/carl-suchy-sohne-belvedere-champagne\/\" class=\"wc-block-grid__product-link\">\n\t\t\t\t\t\n\t\t\t\t\t<div class=\"wc-block-grid__product-image\"><img decoding=\"async\" width=\"350\" height=\"350\" data-src=\"https:\/\/raritywatches.com\/wp-content\/uploads\/2024\/09\/CarlSuchy-Champagne-Cover-350x350.png\" class=\"attachment-woocommerce_thumbnail size-woocommerce_thumbnail lazyload\" alt=\"Carl Suchy  S\u00f6hne Belvedere Champagne\" data-srcset=\"https:\/\/raritywatches.com\/wp-content\/uploads\/2024\/09\/CarlSuchy-Champagne-Cover-350x350.png 350w, https:\/\/raritywatches.com\/wp-content\/uploads\/2024\/09\/CarlSuchy-Champagne-Cover-150x150.png 150w, https:\/\/raritywatches.com\/wp-content\/uploads\/2024\/09\/CarlSuchy-Champagne-Cover-120x120.png 120w, https:\/\/raritywatches.com\/wp-content\/uploads\/2024\/09\/CarlSuchy-Champagne-Cover-370x370.png 370w\" data-sizes=\"(max-width: 600px) 100vw, 350px\" src=\"data:image\/gif;base64,R0lGODlhAQABAAAAACH5BAEKAAEALAAAAAABAAEAAAICTAEAOw==\" style=\"--smush-placeholder-width: 350px; --smush-placeholder-aspect-ratio: 350\/350;\" \/><\/div>\n\t\t\t\t\t<div class=\"wc-block-grid__product-title\">Carl Suchy  S\u00f6hne Belvedere Champagne<\/div>\n\t\t\t\t<\/a>\n\t\t\t\t<div class=\"wc-block-grid__product-price price\"><span class=\"woocommerce-Price-amount amount\">8 900&nbsp;<span class=\"woocommerce-Price-currencySymbol\">&euro;<\/span><\/span><\/div>\n\t\t\t\t\n\t\t\t\t<div class=\"wp-block-button wc-block-grid__product-add-to-cart\"><a href=\"\/ca\/wp-json\/wp\/v2\/pages\/30080?add-to-cart=32327\" aria-label=\"Afegeix a la cistella: &ldquo;Carl Suchy  S\u00f6hne Belvedere Champagne&rdquo;\" data-quantity=\"1\" data-product_id=\"32327\" data-product_sku=\"\" data-price=\"8900\" rel=\"nofollow\" class=\"wp-block-button__link  add_to_cart_button ajax_add_to_cart\">Afegeix a la cistella<\/a><\/div>\n\t\t\t<\/li><li class=\"wc-block-grid__product\">\n\t\t\t\t<a href=\"https:\/\/raritywatches.com\/ca\/producte\/carl-suchy-sohne-belvedere-bordeaux\/\" class=\"wc-block-grid__product-link\">\n\t\t\t\t\t\n\t\t\t\t\t<div class=\"wc-block-grid__product-image\"><img decoding=\"async\" width=\"350\" height=\"350\" data-src=\"https:\/\/raritywatches.com\/wp-content\/uploads\/2024\/09\/CarlSuchy-Champagne-6-2-350x350.png\" class=\"attachment-woocommerce_thumbnail size-woocommerce_thumbnail lazyload\" alt=\"Carl Suchy  S\u00f6hne Belvedere Bordeaux\" data-srcset=\"https:\/\/raritywatches.com\/wp-content\/uploads\/2024\/09\/CarlSuchy-Champagne-6-2-350x350.png 350w, https:\/\/raritywatches.com\/wp-content\/uploads\/2024\/09\/CarlSuchy-Champagne-6-2-150x150.png 150w, https:\/\/raritywatches.com\/wp-content\/uploads\/2024\/09\/CarlSuchy-Champagne-6-2-120x120.png 120w, https:\/\/raritywatches.com\/wp-content\/uploads\/2024\/09\/CarlSuchy-Champagne-6-2-370x370.png 370w\" data-sizes=\"(max-width: 600px) 100vw, 350px\" src=\"data:image\/gif;base64,R0lGODlhAQABAAAAACH5BAEKAAEALAAAAAABAAEAAAICTAEAOw==\" style=\"--smush-placeholder-width: 350px; --smush-placeholder-aspect-ratio: 350\/350;\" \/><\/div>\n\t\t\t\t\t<div class=\"wc-block-grid__product-title\">Carl Suchy  S\u00f6hne Belvedere Bordeaux<\/div>\n\t\t\t\t<\/a>\n\t\t\t\t<div class=\"wc-block-grid__product-price price\"><span class=\"woocommerce-Price-amount amount\">8 900&nbsp;<span class=\"woocommerce-Price-currencySymbol\">&euro;<\/span><\/span><\/div>\n\t\t\t\t\n\t\t\t\t<div class=\"wp-block-button wc-block-grid__product-add-to-cart\"><a href=\"\/ca\/wp-json\/wp\/v2\/pages\/30080?add-to-cart=32323\" aria-label=\"Afegeix a la cistella: &ldquo;Carl Suchy  S\u00f6hne Belvedere Bordeaux&rdquo;\" data-quantity=\"1\" data-product_id=\"32323\" data-product_sku=\"\" data-price=\"8900\" rel=\"nofollow\" class=\"wp-block-button__link  add_to_cart_button ajax_add_to_cart\">Afegeix a la cistella<\/a><\/div>\n\t\t\t<\/li><li class=\"wc-block-grid__product\">\n\t\t\t\t<a href=\"https:\/\/raritywatches.com\/ca\/producte\/jacobco-epic-x-fc-barcelona-125th-anniversary-edition\/\" class=\"wc-block-grid__product-link\">\n\t\t\t\t\t\n\t\t\t\t\t<div class=\"wc-block-grid__product-image\"><img loading=\"lazy\" decoding=\"async\" width=\"350\" height=\"350\" src=\"https:\/\/raritywatches.com\/wp-content\/uploads\/2024\/09\/1724420218-epic-x-barca-copy-350x350.avif\" class=\"attachment-woocommerce_thumbnail size-woocommerce_thumbnail\" alt=\"JacobCo Epic X FC BARCELONA 125TH ANNIVERSARY EDITION\" srcset=\"https:\/\/raritywatches.com\/wp-content\/uploads\/2024\/09\/1724420218-epic-x-barca-copy-350x350.avif 350w, https:\/\/raritywatches.com\/wp-content\/uploads\/2024\/09\/1724420218-epic-x-barca-copy-150x150.avif 150w, https:\/\/raritywatches.com\/wp-content\/uploads\/2024\/09\/1724420218-epic-x-barca-copy-120x120.avif 120w, https:\/\/raritywatches.com\/wp-content\/uploads\/2024\/09\/1724420218-epic-x-barca-copy-370x370.avif 370w\" sizes=\"(max-width: 600px) 100vw, 350px\" \/><\/div>\n\t\t\t\t\t<div class=\"wc-block-grid__product-title\">JacobCo Epic X FC BARCELONA 125TH ANNIVERSARY EDITION<\/div>\n\t\t\t\t<\/a>\n\t\t\t\t<div class=\"wc-block-grid__product-price price\"><span class=\"woocommerce-Price-amount amount\">99 900&nbsp;<span class=\"woocommerce-Price-currencySymbol\">&euro;<\/span><\/span><\/div>\n\t\t\t\t\n\t\t\t\t<div class=\"wp-block-button wc-block-grid__product-add-to-cart\"><a href=\"\/ca\/wp-json\/wp\/v2\/pages\/30080?add-to-cart=32350\" aria-label=\"Afegeix a la cistella: &ldquo;JacobCo Epic X FC BARCELONA 125TH ANNIVERSARY EDITION&rdquo;\" data-quantity=\"1\" data-product_id=\"32350\" data-product_sku=\"\" data-price=\"99900\" rel=\"nofollow\" class=\"wp-block-button__link  add_to_cart_button ajax_add_to_cart\">Afegeix a la cistella<\/a><\/div>\n\t\t\t<\/li><li class=\"wc-block-grid__product\">\n\t\t\t\t<a href=\"https:\/\/raritywatches.com\/ca\/producte\/jacob-co-the-world-is-yours-dual-time-zone\/\" class=\"wc-block-grid__product-link\">\n\t\t\t\t\t\n\t\t\t\t\t<div class=\"wc-block-grid__product-image\"><img decoding=\"async\" width=\"350\" height=\"350\" data-src=\"https:\/\/raritywatches.com\/wp-content\/uploads\/2023\/12\/jacobandcocom_the-world-is-yours-1-350x350.png\" class=\"attachment-woocommerce_thumbnail size-woocommerce_thumbnail lazyload\" alt=\"Jacob &amp; Co The World Is Yours Dual Time Zone\" data-srcset=\"https:\/\/raritywatches.com\/wp-content\/uploads\/2023\/12\/jacobandcocom_the-world-is-yours-1-350x350.png 350w, https:\/\/raritywatches.com\/wp-content\/uploads\/2023\/12\/jacobandcocom_the-world-is-yours-1-150x150.png 150w, https:\/\/raritywatches.com\/wp-content\/uploads\/2023\/12\/jacobandcocom_the-world-is-yours-1-120x120.png 120w, https:\/\/raritywatches.com\/wp-content\/uploads\/2023\/12\/jacobandcocom_the-world-is-yours-1-370x370.png 370w\" data-sizes=\"(max-width: 600px) 100vw, 350px\" src=\"data:image\/gif;base64,R0lGODlhAQABAAAAACH5BAEKAAEALAAAAAABAAEAAAICTAEAOw==\" style=\"--smush-placeholder-width: 350px; --smush-placeholder-aspect-ratio: 350\/350;\" \/><\/div>\n\t\t\t\t\t<div class=\"wc-block-grid__product-title\">Jacob &amp; Co The World Is Yours Dual Time Zone<\/div>\n\t\t\t\t<\/a>\n\t\t\t\t<div class=\"wc-block-grid__product-price price\"><span class=\"woocommerce-Price-amount amount\">51 995&nbsp;<span class=\"woocommerce-Price-currencySymbol\">&euro;<\/span><\/span><\/div>\n\t\t\t\t\n\t\t\t\t<div class=\"wp-block-button wc-block-grid__product-add-to-cart\"><a href=\"\/ca\/wp-json\/wp\/v2\/pages\/30080?add-to-cart=31746\" aria-label=\"Afegeix a la cistella: &ldquo;Jacob &amp; Co The World Is Yours Dual Time Zone&rdquo;\" data-quantity=\"1\" data-product_id=\"31746\" data-product_sku=\"\" data-price=\"51995\" rel=\"nofollow\" class=\"wp-block-button__link  add_to_cart_button ajax_add_to_cart\">Afegeix a la cistella<\/a><\/div>\n\t\t\t<\/li><\/ul><\/div>\n<p><\/p>\n","protected":false},"excerpt":{"rendered":"<p>Mattey-Tissot, una marca de rellotges llegend\u00e0ria amb una hist\u00f2ria captivadora, remunta els seus or\u00edgens a finals del segle XIX. Fundada l&#8217;any 1883 pel visionari rellotger Antoine Mattey i el seu&hellip;<\/p>\n","protected":false},"author":1,"featured_media":29471,"parent":30048,"menu_order":0,"comment_status":"closed","ping_status":"closed","template":"","meta":{"om_disable_all_campaigns":false,"_monsterinsights_skip_tracking":false,"_monsterinsights_sitenote_active":false,"_monsterinsights_sitenote_note":"","_monsterinsights_sitenote_category":0,"footnotes":""},"class_list":["post-30080","page","type-page","status-publish","has-post-thumbnail","hentry"],"aioseo_notices":[],"_links":{"self":[{"href":"https:\/\/raritywatches.com\/ca\/wp-json\/wp\/v2\/pages\/30080","targetHints":{"allow":["GET"]}}],"collection":[{"href":"https:\/\/raritywatches.com\/ca\/wp-json\/wp\/v2\/pages"}],"about":[{"href":"https:\/\/raritywatches.com\/ca\/wp-json\/wp\/v2\/types\/page"}],"author":[{"embeddable":true,"href":"https:\/\/raritywatches.com\/ca\/wp-json\/wp\/v2\/users\/1"}],"replies":[{"embeddable":true,"href":"https:\/\/raritywatches.com\/ca\/wp-json\/wp\/v2\/comments?post=30080"}],"version-history":[{"count":1,"href":"https:\/\/raritywatches.com\/ca\/wp-json\/wp\/v2\/pages\/30080\/revisions"}],"predecessor-version":[{"id":30081,"href":"https:\/\/raritywatches.com\/ca\/wp-json\/wp\/v2\/pages\/30080\/revisions\/30081"}],"up":[{"embeddable":true,"href":"https:\/\/raritywatches.com\/ca\/wp-json\/wp\/v2\/pages\/30048"}],"wp:featuredmedia":[{"embeddable":true,"href":"https:\/\/raritywatches.com\/ca\/wp-json\/wp\/v2\/media\/29471"}],"wp:attachment":[{"href":"https:\/\/raritywatches.com\/ca\/wp-json\/wp\/v2\/media?parent=30080"}],"curies":[{"name":"wp","href":"https:\/\/api.w.org\/{rel}","templated":true}]}}