{"id":30074,"date":"2023-06-21T11:57:36","date_gmt":"2023-06-21T10:57:36","guid":{"rendered":"https:\/\/raritywatches.com\/epos\/"},"modified":"2023-07-10T17:22:21","modified_gmt":"2023-07-10T16:22:21","slug":"epos","status":"publish","type":"page","link":"https:\/\/raritywatches.com\/ca\/marques\/epos\/","title":{"rendered":"EPOS"},"content":{"rendered":"\n<figure class=\"wp-block-image size-medium\"><img decoding=\"async\" width=\"300\" height=\"158\" data-src=\"https:\/\/raritywatches.com\/wp-content\/uploads\/2023\/07\/epos_logo-300x158.jpg\" alt=\"\" class=\"wp-image-29969 lazyload\" data-srcset=\"https:\/\/raritywatches.com\/wp-content\/uploads\/2023\/07\/epos_logo-300x158.jpg 300w, https:\/\/raritywatches.com\/wp-content\/uploads\/2023\/07\/epos_logo-1024x539.jpg 1024w, https:\/\/raritywatches.com\/wp-content\/uploads\/2023\/07\/epos_logo-768x405.jpg 768w, https:\/\/raritywatches.com\/wp-content\/uploads\/2023\/07\/epos_logo-370x195.jpg 370w, https:\/\/raritywatches.com\/wp-content\/uploads\/2023\/07\/epos_logo-850x448.jpg 850w, https:\/\/raritywatches.com\/wp-content\/uploads\/2023\/07\/epos_logo-410x216.jpg 410w, https:\/\/raritywatches.com\/wp-content\/uploads\/2023\/07\/epos_logo-600x316.jpg 600w, https:\/\/raritywatches.com\/wp-content\/uploads\/2023\/07\/epos_logo.jpg 1122w\" data-sizes=\"(max-width: 300px) 100vw, 300px\" src=\"data:image\/gif;base64,R0lGODlhAQABAAAAACH5BAEKAAEALAAAAAABAAEAAAICTAEAOw==\" style=\"--smush-placeholder-width: 300px; --smush-placeholder-aspect-ratio: 300\/158;\" \/><\/figure>\n\n<div style=\"height:62px\" aria-hidden=\"true\" class=\"wp-block-spacer\"><\/div>\n<p>A principis del segle XX, un petit rellotger su\u00eds anomenat <strong>EPOS<\/strong> va sorgir com una marca destacada en la ind\u00fastria horol\u00f2gica. Fundada el 1925 per un grup d&#8217;entusiastes dels rellotges visionaris, Epos va emprendre un viatge per redefinir les tradicions de rellotgeria i establir un llegat d&#8217;innovaci\u00f3 i excel\u00b7l\u00e8ncia. <\/p>\n<p>Des dels seus humils inicis en un modest taller a Su\u00efssa, Epos va guanyar r\u00e0pidament el reconeixement per la seva meticulosa artesania i atenci\u00f3 al detall. Els fundadors de la marca, alimentats per la seva passi\u00f3 per l&#8217;horologia, van reunir un equip d&#8217;artesans i rellotgers experts que compartien la seva visi\u00f3. <\/p>\n<p>Epos va adoptar una filosofia arrelada en l&#8217;eleg\u00e0ncia atemporal, combinant les t\u00e8cniques tradicionals de rellotgeria su\u00efssa amb un toc contemporani. Epos va adoptar una filosofia arrelada en l&#8217;eleg\u00e0ncia atemporal, combinant les t\u00e8cniques tradicionals de rellotgeria su\u00efssa amb un toc contemporani. Epos adopted a philosophy rooted in timeless elegance, combining traditional Swiss watchmaking techniques with a contemporary twist. Epos va adoptar una filosofia arrelada en l&#8217;eleg\u00e0ncia atemporal, combinant les t\u00e8cniques tradicionals de rellotgeria su\u00efssa amb un estil contemporani. Epos adopted a philosophy rooted in timeless elegance, combining traditional Swiss watchmaking techniques with contemporary style. Els seus rellotges es van convertir en sin\u00f2nim de precisi\u00f3 i fiabilitat, captivant els entusiastes dels rellotges de tot el m\u00f3n. <\/p>\n<p>Al llarg de les d\u00e8cades, Epos va continuar superant els l\u00edmits i introduint aven\u00e7os innovadors en la rellotgeria. El comprom\u00eds de la marca amb la innovaci\u00f3 va conduir al desenvolupament de complicacions complexes, com ara calendaris perpetus, tourbillons i visualitzacions de fases de lluna, tots minuciosament integrats als seus rellotges. <\/p>\n<p>Els rellotges Epos es van convertir en l&#8217;encarnaci\u00f3 de la precisi\u00f3 i l&#8217;art su\u00eds, adornant els canells dels col\u00b7leccionistes i entusiastes m\u00e9s exigents. La dedicaci\u00f3 de la marca a la qualitat va garantir que cada rellotge fos fet amb la m\u00e0xima cura, utilitzant nom\u00e9s els millors materials i moviments. <\/p>\n<p>Amb el pas dels anys, Epos es va consolidar com un s\u00edmbol de luxe i sofisticaci\u00f3. Els seus rellotges eren buscats pels seus dissenys elegants, una precisi\u00f3 excepcional i un valor durador. Les botigues Epos i els minoristes autoritzats es van convertir en refugis per als coneixedors del rellotge, que esperaven impacients la presentaci\u00f3 de cada nova obra mestra.  <\/p>\n<p>A l&#8217;era moderna, Epos continua evolucionant, combinant el seu ric patrimoni amb l&#8217;est\u00e8tica contempor\u00e0nia. La marca segueix compromesa amb els principis que van guiar els seus fundadors, elaborant rellotges que encarnen l&#8217;ess\u00e8ncia atemporal de la rellotgeria su\u00efssa alhora que abracen les possibilitats del futur. <\/p>\n<p>Avui, Epos \u00e9s una marca de rellotges su\u00efssa reconeguda internacionalment, admirada per la seva dedicaci\u00f3 inquebrantable a la qualitat, la innovaci\u00f3 i l&#8217;art de l&#8217;horologia. Els seus rellotges serveixen com a testimoni del llegat perdurable de la marca, captivant el cor dels entusiastes dels rellotges i dels col\u00b7leccionistes de tot el m\u00f3n. <\/p>\n\n<div style=\"height:62px\" aria-hidden=\"true\" class=\"wp-block-spacer\"><\/div>\n<div data-block-name=\"woocommerce\/product-category\" data-categories=\"[]\" class=\"wc-block-grid wp-block-product-category wp-block-woocommerce-product-category wc-block-product-category has-3-columns has-multiple-rows\"><ul class=\"wc-block-grid__products\"><li class=\"wc-block-grid__product\">\n\t\t\t\t<a href=\"https:\/\/raritywatches.com\/ca\/producte\/carl-suchy-sohne-belvedere-danube\/\" class=\"wc-block-grid__product-link\">\n\t\t\t\t\t\n\t\t\t\t\t<div class=\"wc-block-grid__product-image\"><img fetchpriority=\"high\" decoding=\"async\" width=\"350\" height=\"350\" src=\"https:\/\/raritywatches.com\/wp-content\/uploads\/2024\/09\/Suchy-Posts-0012-350x350.jpg\" class=\"attachment-woocommerce_thumbnail size-woocommerce_thumbnail\" alt=\"Carl Suchy  S\u00f6hne Belvedere Danube\" srcset=\"https:\/\/raritywatches.com\/wp-content\/uploads\/2024\/09\/Suchy-Posts-0012-350x350.jpg 350w, https:\/\/raritywatches.com\/wp-content\/uploads\/2024\/09\/Suchy-Posts-0012-300x300.jpg 300w, https:\/\/raritywatches.com\/wp-content\/uploads\/2024\/09\/Suchy-Posts-0012-1024x1024.jpg 1024w, https:\/\/raritywatches.com\/wp-content\/uploads\/2024\/09\/Suchy-Posts-0012-150x150.jpg 150w, https:\/\/raritywatches.com\/wp-content\/uploads\/2024\/09\/Suchy-Posts-0012-768x768.jpg 768w, https:\/\/raritywatches.com\/wp-content\/uploads\/2024\/09\/Suchy-Posts-0012-370x370.jpg 370w, https:\/\/raritywatches.com\/wp-content\/uploads\/2024\/09\/Suchy-Posts-0012-120x120.jpg 120w, https:\/\/raritywatches.com\/wp-content\/uploads\/2024\/09\/Suchy-Posts-0012-850x850.jpg 850w, https:\/\/raritywatches.com\/wp-content\/uploads\/2024\/09\/Suchy-Posts-0012-410x410.jpg 410w, https:\/\/raritywatches.com\/wp-content\/uploads\/2024\/09\/Suchy-Posts-0012-600x600.jpg 600w, https:\/\/raritywatches.com\/wp-content\/uploads\/2024\/09\/Suchy-Posts-0012.jpg 1080w\" sizes=\"(max-width: 600px) 100vw, 350px\" \/><\/div>\n\t\t\t\t\t<div class=\"wc-block-grid__product-title\">Carl Suchy  S\u00f6hne Belvedere Danube<\/div>\n\t\t\t\t<\/a>\n\t\t\t\t<div class=\"wc-block-grid__product-price price\"><span class=\"woocommerce-Price-amount amount\">8 900&nbsp;<span class=\"woocommerce-Price-currencySymbol\">&euro;<\/span><\/span><\/div>\n\t\t\t\t\n\t\t\t\t<div class=\"wp-block-button wc-block-grid__product-add-to-cart\"><a href=\"\/ca\/wp-json\/wp\/v2\/pages\/30074?add-to-cart=32361\" aria-label=\"Afegeix a la cistella: &ldquo;Carl Suchy  S\u00f6hne Belvedere Danube&rdquo;\" data-quantity=\"1\" data-product_id=\"32361\" data-product_sku=\"\" data-price=\"8900\" rel=\"nofollow\" class=\"wp-block-button__link  add_to_cart_button ajax_add_to_cart\">Afegeix a la cistella<\/a><\/div>\n\t\t\t<\/li><li class=\"wc-block-grid__product\">\n\t\t\t\t<a href=\"https:\/\/raritywatches.com\/ca\/producte\/carl-suchy-sohne-belvedere-night\/\" class=\"wc-block-grid__product-link\">\n\t\t\t\t\t\n\t\t\t\t\t<div class=\"wc-block-grid__product-image\"><img decoding=\"async\" width=\"350\" height=\"350\" data-src=\"https:\/\/raritywatches.com\/wp-content\/uploads\/2024\/09\/CS-Web-BelvedereShop-details-1536x1080-1-350x350.png\" class=\"attachment-woocommerce_thumbnail size-woocommerce_thumbnail lazyload\" alt=\"Carl Suchy  S\u00f6hne Belvedere Night\" data-srcset=\"https:\/\/raritywatches.com\/wp-content\/uploads\/2024\/09\/CS-Web-BelvedereShop-details-1536x1080-1-350x350.png 350w, https:\/\/raritywatches.com\/wp-content\/uploads\/2024\/09\/CS-Web-BelvedereShop-details-1536x1080-1-150x150.png 150w, https:\/\/raritywatches.com\/wp-content\/uploads\/2024\/09\/CS-Web-BelvedereShop-details-1536x1080-1-120x120.png 120w, https:\/\/raritywatches.com\/wp-content\/uploads\/2024\/09\/CS-Web-BelvedereShop-details-1536x1080-1-370x370.png 370w\" data-sizes=\"(max-width: 600px) 100vw, 350px\" src=\"data:image\/gif;base64,R0lGODlhAQABAAAAACH5BAEKAAEALAAAAAABAAEAAAICTAEAOw==\" style=\"--smush-placeholder-width: 350px; --smush-placeholder-aspect-ratio: 350\/350;\" \/><\/div>\n\t\t\t\t\t<div class=\"wc-block-grid__product-title\">Carl Suchy  S\u00f6hne Belvedere Night<\/div>\n\t\t\t\t<\/a>\n\t\t\t\t<div class=\"wc-block-grid__product-price price\"><span class=\"woocommerce-Price-amount amount\">8 900&nbsp;<span class=\"woocommerce-Price-currencySymbol\">&euro;<\/span><\/span><\/div>\n\t\t\t\t\n\t\t\t\t<div class=\"wp-block-button wc-block-grid__product-add-to-cart\"><a href=\"\/ca\/wp-json\/wp\/v2\/pages\/30074?add-to-cart=32357\" aria-label=\"Afegeix a la cistella: &ldquo;Carl Suchy  S\u00f6hne Belvedere Night&rdquo;\" data-quantity=\"1\" data-product_id=\"32357\" data-product_sku=\"\" data-price=\"8900\" rel=\"nofollow\" class=\"wp-block-button__link  add_to_cart_button ajax_add_to_cart\">Afegeix a la cistella<\/a><\/div>\n\t\t\t<\/li><li class=\"wc-block-grid__product\">\n\t\t\t\t<a href=\"https:\/\/raritywatches.com\/ca\/producte\/carl-suchy-sohne-belvedere-day\/\" class=\"wc-block-grid__product-link\">\n\t\t\t\t\t\n\t\t\t\t\t<div class=\"wc-block-grid__product-image\"><img decoding=\"async\" width=\"350\" height=\"350\" data-src=\"https:\/\/raritywatches.com\/wp-content\/uploads\/2024\/09\/CS-Web-BelvedereShop-details5-1536x1080-1-350x350.png\" class=\"attachment-woocommerce_thumbnail size-woocommerce_thumbnail lazyload\" alt=\"Carl Suchy  S\u00f6hne Belvedere Day\" data-srcset=\"https:\/\/raritywatches.com\/wp-content\/uploads\/2024\/09\/CS-Web-BelvedereShop-details5-1536x1080-1-350x350.png 350w, https:\/\/raritywatches.com\/wp-content\/uploads\/2024\/09\/CS-Web-BelvedereShop-details5-1536x1080-1-150x150.png 150w, https:\/\/raritywatches.com\/wp-content\/uploads\/2024\/09\/CS-Web-BelvedereShop-details5-1536x1080-1-120x120.png 120w, https:\/\/raritywatches.com\/wp-content\/uploads\/2024\/09\/CS-Web-BelvedereShop-details5-1536x1080-1-370x370.png 370w\" data-sizes=\"(max-width: 600px) 100vw, 350px\" src=\"data:image\/gif;base64,R0lGODlhAQABAAAAACH5BAEKAAEALAAAAAABAAEAAAICTAEAOw==\" style=\"--smush-placeholder-width: 350px; --smush-placeholder-aspect-ratio: 350\/350;\" \/><\/div>\n\t\t\t\t\t<div class=\"wc-block-grid__product-title\">Carl Suchy  S\u00f6hne Belvedere Day<\/div>\n\t\t\t\t<\/a>\n\t\t\t\t<div class=\"wc-block-grid__product-price price\"><span class=\"woocommerce-Price-amount amount\">8 900&nbsp;<span class=\"woocommerce-Price-currencySymbol\">&euro;<\/span><\/span><\/div>\n\t\t\t\t\n\t\t\t\t<div class=\"wp-block-button wc-block-grid__product-add-to-cart\"><a href=\"\/ca\/wp-json\/wp\/v2\/pages\/30074?add-to-cart=32353\" aria-label=\"Afegeix a la cistella: &ldquo;Carl Suchy  S\u00f6hne Belvedere Day&rdquo;\" data-quantity=\"1\" data-product_id=\"32353\" data-product_sku=\"\" data-price=\"8900\" rel=\"nofollow\" class=\"wp-block-button__link  add_to_cart_button ajax_add_to_cart\">Afegeix a la cistella<\/a><\/div>\n\t\t\t<\/li><li class=\"wc-block-grid__product\">\n\t\t\t\t<a href=\"https:\/\/raritywatches.com\/ca\/producte\/carl-suchy-sohne-belvedere-midnight\/\" class=\"wc-block-grid__product-link\">\n\t\t\t\t\t\n\t\t\t\t\t<div class=\"wc-block-grid__product-image\"><img decoding=\"async\" width=\"350\" height=\"350\" data-src=\"https:\/\/raritywatches.com\/wp-content\/uploads\/2024\/09\/Carl_Suchy_Belvedere_DLC_Front_RGB-350x350.png\" class=\"attachment-woocommerce_thumbnail size-woocommerce_thumbnail lazyload\" alt=\"Carl Suchy  S\u00f6hne Belvedere Midnight\" data-srcset=\"https:\/\/raritywatches.com\/wp-content\/uploads\/2024\/09\/Carl_Suchy_Belvedere_DLC_Front_RGB-350x350.png 350w, https:\/\/raritywatches.com\/wp-content\/uploads\/2024\/09\/Carl_Suchy_Belvedere_DLC_Front_RGB-150x150.png 150w, https:\/\/raritywatches.com\/wp-content\/uploads\/2024\/09\/Carl_Suchy_Belvedere_DLC_Front_RGB-120x120.png 120w, https:\/\/raritywatches.com\/wp-content\/uploads\/2024\/09\/Carl_Suchy_Belvedere_DLC_Front_RGB-370x370.png 370w\" data-sizes=\"(max-width: 600px) 100vw, 350px\" src=\"data:image\/gif;base64,R0lGODlhAQABAAAAACH5BAEKAAEALAAAAAABAAEAAAICTAEAOw==\" style=\"--smush-placeholder-width: 350px; --smush-placeholder-aspect-ratio: 350\/350;\" \/><\/div>\n\t\t\t\t\t<div class=\"wc-block-grid__product-title\">Carl Suchy  S\u00f6hne Belvedere Midnight<\/div>\n\t\t\t\t<\/a>\n\t\t\t\t<div class=\"wc-block-grid__product-price price\"><span class=\"woocommerce-Price-amount amount\">9 900&nbsp;<span class=\"woocommerce-Price-currencySymbol\">&euro;<\/span><\/span><\/div>\n\t\t\t\t\n\t\t\t\t<div class=\"wp-block-button wc-block-grid__product-add-to-cart\"><a href=\"\/ca\/wp-json\/wp\/v2\/pages\/30074?add-to-cart=32347\" aria-label=\"Afegeix a la cistella: &ldquo;Carl Suchy  S\u00f6hne Belvedere Midnight&rdquo;\" data-quantity=\"1\" data-product_id=\"32347\" data-product_sku=\"\" data-price=\"9900\" rel=\"nofollow\" class=\"wp-block-button__link  add_to_cart_button ajax_add_to_cart\">Afegeix a la cistella<\/a><\/div>\n\t\t\t<\/li><li class=\"wc-block-grid__product\">\n\t\t\t\t<a href=\"https:\/\/raritywatches.com\/ca\/producte\/carl-suchy-sohne-belvedere-titan\/\" class=\"wc-block-grid__product-link\">\n\t\t\t\t\t\n\t\t\t\t\t<div class=\"wc-block-grid__product-image\"><img decoding=\"async\" width=\"350\" height=\"350\" data-src=\"https:\/\/raritywatches.com\/wp-content\/uploads\/2024\/09\/Carl_Suchy_Belvedere_Titan_Front_RGB-1-350x350.jpg\" class=\"attachment-woocommerce_thumbnail size-woocommerce_thumbnail lazyload\" alt=\"Carl Suchy  S\u00f6hne Belvedere Titan\" data-srcset=\"https:\/\/raritywatches.com\/wp-content\/uploads\/2024\/09\/Carl_Suchy_Belvedere_Titan_Front_RGB-1-350x350.jpg 350w, https:\/\/raritywatches.com\/wp-content\/uploads\/2024\/09\/Carl_Suchy_Belvedere_Titan_Front_RGB-1-150x150.jpg 150w, https:\/\/raritywatches.com\/wp-content\/uploads\/2024\/09\/Carl_Suchy_Belvedere_Titan_Front_RGB-1-120x120.jpg 120w, https:\/\/raritywatches.com\/wp-content\/uploads\/2024\/09\/Carl_Suchy_Belvedere_Titan_Front_RGB-1-370x370.jpg 370w\" data-sizes=\"(max-width: 600px) 100vw, 350px\" src=\"data:image\/gif;base64,R0lGODlhAQABAAAAACH5BAEKAAEALAAAAAABAAEAAAICTAEAOw==\" style=\"--smush-placeholder-width: 350px; --smush-placeholder-aspect-ratio: 350\/350;\" \/><\/div>\n\t\t\t\t\t<div class=\"wc-block-grid__product-title\">Carl Suchy  S\u00f6hne Belvedere Titan<\/div>\n\t\t\t\t<\/a>\n\t\t\t\t<div class=\"wc-block-grid__product-price price\"><span class=\"woocommerce-Price-amount amount\">10 900&nbsp;<span class=\"woocommerce-Price-currencySymbol\">&euro;<\/span><\/span><\/div>\n\t\t\t\t\n\t\t\t\t<div class=\"wp-block-button wc-block-grid__product-add-to-cart\"><a href=\"\/ca\/wp-json\/wp\/v2\/pages\/30074?add-to-cart=32344\" aria-label=\"Afegeix a la cistella: &ldquo;Carl Suchy  S\u00f6hne Belvedere Titan&rdquo;\" data-quantity=\"1\" data-product_id=\"32344\" data-product_sku=\"\" data-price=\"10900\" rel=\"nofollow\" class=\"wp-block-button__link  add_to_cart_button ajax_add_to_cart\">Afegeix a la cistella<\/a><\/div>\n\t\t\t<\/li><li class=\"wc-block-grid__product\">\n\t\t\t\t<a href=\"https:\/\/raritywatches.com\/ca\/producte\/carl-suchy-sohne-belvedere-champagne\/\" class=\"wc-block-grid__product-link\">\n\t\t\t\t\t\n\t\t\t\t\t<div class=\"wc-block-grid__product-image\"><img decoding=\"async\" width=\"350\" height=\"350\" data-src=\"https:\/\/raritywatches.com\/wp-content\/uploads\/2024\/09\/CarlSuchy-Champagne-Cover-350x350.png\" class=\"attachment-woocommerce_thumbnail size-woocommerce_thumbnail lazyload\" alt=\"Carl Suchy  S\u00f6hne Belvedere Champagne\" data-srcset=\"https:\/\/raritywatches.com\/wp-content\/uploads\/2024\/09\/CarlSuchy-Champagne-Cover-350x350.png 350w, https:\/\/raritywatches.com\/wp-content\/uploads\/2024\/09\/CarlSuchy-Champagne-Cover-150x150.png 150w, https:\/\/raritywatches.com\/wp-content\/uploads\/2024\/09\/CarlSuchy-Champagne-Cover-120x120.png 120w, https:\/\/raritywatches.com\/wp-content\/uploads\/2024\/09\/CarlSuchy-Champagne-Cover-370x370.png 370w\" data-sizes=\"(max-width: 600px) 100vw, 350px\" src=\"data:image\/gif;base64,R0lGODlhAQABAAAAACH5BAEKAAEALAAAAAABAAEAAAICTAEAOw==\" style=\"--smush-placeholder-width: 350px; --smush-placeholder-aspect-ratio: 350\/350;\" \/><\/div>\n\t\t\t\t\t<div class=\"wc-block-grid__product-title\">Carl Suchy  S\u00f6hne Belvedere Champagne<\/div>\n\t\t\t\t<\/a>\n\t\t\t\t<div class=\"wc-block-grid__product-price price\"><span class=\"woocommerce-Price-amount amount\">8 900&nbsp;<span class=\"woocommerce-Price-currencySymbol\">&euro;<\/span><\/span><\/div>\n\t\t\t\t\n\t\t\t\t<div class=\"wp-block-button wc-block-grid__product-add-to-cart\"><a href=\"\/ca\/wp-json\/wp\/v2\/pages\/30074?add-to-cart=32327\" aria-label=\"Afegeix a la cistella: &ldquo;Carl Suchy  S\u00f6hne Belvedere Champagne&rdquo;\" data-quantity=\"1\" data-product_id=\"32327\" data-product_sku=\"\" data-price=\"8900\" rel=\"nofollow\" class=\"wp-block-button__link  add_to_cart_button ajax_add_to_cart\">Afegeix a la cistella<\/a><\/div>\n\t\t\t<\/li><li class=\"wc-block-grid__product\">\n\t\t\t\t<a href=\"https:\/\/raritywatches.com\/ca\/producte\/carl-suchy-sohne-belvedere-bordeaux\/\" class=\"wc-block-grid__product-link\">\n\t\t\t\t\t\n\t\t\t\t\t<div class=\"wc-block-grid__product-image\"><img decoding=\"async\" width=\"350\" height=\"350\" data-src=\"https:\/\/raritywatches.com\/wp-content\/uploads\/2024\/09\/CarlSuchy-Champagne-6-2-350x350.png\" class=\"attachment-woocommerce_thumbnail size-woocommerce_thumbnail lazyload\" alt=\"Carl Suchy  S\u00f6hne Belvedere Bordeaux\" data-srcset=\"https:\/\/raritywatches.com\/wp-content\/uploads\/2024\/09\/CarlSuchy-Champagne-6-2-350x350.png 350w, https:\/\/raritywatches.com\/wp-content\/uploads\/2024\/09\/CarlSuchy-Champagne-6-2-150x150.png 150w, https:\/\/raritywatches.com\/wp-content\/uploads\/2024\/09\/CarlSuchy-Champagne-6-2-120x120.png 120w, https:\/\/raritywatches.com\/wp-content\/uploads\/2024\/09\/CarlSuchy-Champagne-6-2-370x370.png 370w\" data-sizes=\"(max-width: 600px) 100vw, 350px\" src=\"data:image\/gif;base64,R0lGODlhAQABAAAAACH5BAEKAAEALAAAAAABAAEAAAICTAEAOw==\" style=\"--smush-placeholder-width: 350px; --smush-placeholder-aspect-ratio: 350\/350;\" \/><\/div>\n\t\t\t\t\t<div class=\"wc-block-grid__product-title\">Carl Suchy  S\u00f6hne Belvedere Bordeaux<\/div>\n\t\t\t\t<\/a>\n\t\t\t\t<div class=\"wc-block-grid__product-price price\"><span class=\"woocommerce-Price-amount amount\">8 900&nbsp;<span class=\"woocommerce-Price-currencySymbol\">&euro;<\/span><\/span><\/div>\n\t\t\t\t\n\t\t\t\t<div class=\"wp-block-button wc-block-grid__product-add-to-cart\"><a href=\"\/ca\/wp-json\/wp\/v2\/pages\/30074?add-to-cart=32323\" aria-label=\"Afegeix a la cistella: &ldquo;Carl Suchy  S\u00f6hne Belvedere Bordeaux&rdquo;\" data-quantity=\"1\" data-product_id=\"32323\" data-product_sku=\"\" data-price=\"8900\" rel=\"nofollow\" class=\"wp-block-button__link  add_to_cart_button ajax_add_to_cart\">Afegeix a la cistella<\/a><\/div>\n\t\t\t<\/li><li class=\"wc-block-grid__product\">\n\t\t\t\t<a href=\"https:\/\/raritywatches.com\/ca\/producte\/jacobco-epic-x-fc-barcelona-125th-anniversary-edition\/\" class=\"wc-block-grid__product-link\">\n\t\t\t\t\t\n\t\t\t\t\t<div class=\"wc-block-grid__product-image\"><img loading=\"lazy\" decoding=\"async\" width=\"350\" height=\"350\" src=\"https:\/\/raritywatches.com\/wp-content\/uploads\/2024\/09\/1724420218-epic-x-barca-copy-350x350.avif\" class=\"attachment-woocommerce_thumbnail size-woocommerce_thumbnail\" alt=\"JacobCo Epic X FC BARCELONA 125TH ANNIVERSARY EDITION\" srcset=\"https:\/\/raritywatches.com\/wp-content\/uploads\/2024\/09\/1724420218-epic-x-barca-copy-350x350.avif 350w, https:\/\/raritywatches.com\/wp-content\/uploads\/2024\/09\/1724420218-epic-x-barca-copy-150x150.avif 150w, https:\/\/raritywatches.com\/wp-content\/uploads\/2024\/09\/1724420218-epic-x-barca-copy-120x120.avif 120w, https:\/\/raritywatches.com\/wp-content\/uploads\/2024\/09\/1724420218-epic-x-barca-copy-370x370.avif 370w\" sizes=\"(max-width: 600px) 100vw, 350px\" \/><\/div>\n\t\t\t\t\t<div class=\"wc-block-grid__product-title\">JacobCo Epic X FC BARCELONA 125TH ANNIVERSARY EDITION<\/div>\n\t\t\t\t<\/a>\n\t\t\t\t<div class=\"wc-block-grid__product-price price\"><span class=\"woocommerce-Price-amount amount\">99 900&nbsp;<span class=\"woocommerce-Price-currencySymbol\">&euro;<\/span><\/span><\/div>\n\t\t\t\t\n\t\t\t\t<div class=\"wp-block-button wc-block-grid__product-add-to-cart\"><a href=\"\/ca\/wp-json\/wp\/v2\/pages\/30074?add-to-cart=32350\" aria-label=\"Afegeix a la cistella: &ldquo;JacobCo Epic X FC BARCELONA 125TH ANNIVERSARY EDITION&rdquo;\" data-quantity=\"1\" data-product_id=\"32350\" data-product_sku=\"\" data-price=\"99900\" rel=\"nofollow\" class=\"wp-block-button__link  add_to_cart_button ajax_add_to_cart\">Afegeix a la cistella<\/a><\/div>\n\t\t\t<\/li><li class=\"wc-block-grid__product\">\n\t\t\t\t<a href=\"https:\/\/raritywatches.com\/ca\/producte\/jacob-co-the-world-is-yours-dual-time-zone\/\" class=\"wc-block-grid__product-link\">\n\t\t\t\t\t\n\t\t\t\t\t<div class=\"wc-block-grid__product-image\"><img decoding=\"async\" width=\"350\" height=\"350\" data-src=\"https:\/\/raritywatches.com\/wp-content\/uploads\/2023\/12\/jacobandcocom_the-world-is-yours-1-350x350.png\" class=\"attachment-woocommerce_thumbnail size-woocommerce_thumbnail lazyload\" alt=\"Jacob &amp; Co The World Is Yours Dual Time Zone\" data-srcset=\"https:\/\/raritywatches.com\/wp-content\/uploads\/2023\/12\/jacobandcocom_the-world-is-yours-1-350x350.png 350w, https:\/\/raritywatches.com\/wp-content\/uploads\/2023\/12\/jacobandcocom_the-world-is-yours-1-150x150.png 150w, https:\/\/raritywatches.com\/wp-content\/uploads\/2023\/12\/jacobandcocom_the-world-is-yours-1-120x120.png 120w, https:\/\/raritywatches.com\/wp-content\/uploads\/2023\/12\/jacobandcocom_the-world-is-yours-1-370x370.png 370w\" data-sizes=\"(max-width: 600px) 100vw, 350px\" src=\"data:image\/gif;base64,R0lGODlhAQABAAAAACH5BAEKAAEALAAAAAABAAEAAAICTAEAOw==\" style=\"--smush-placeholder-width: 350px; --smush-placeholder-aspect-ratio: 350\/350;\" \/><\/div>\n\t\t\t\t\t<div class=\"wc-block-grid__product-title\">Jacob &amp; Co The World Is Yours Dual Time Zone<\/div>\n\t\t\t\t<\/a>\n\t\t\t\t<div class=\"wc-block-grid__product-price price\"><span class=\"woocommerce-Price-amount amount\">51 995&nbsp;<span class=\"woocommerce-Price-currencySymbol\">&euro;<\/span><\/span><\/div>\n\t\t\t\t\n\t\t\t\t<div class=\"wp-block-button wc-block-grid__product-add-to-cart\"><a href=\"\/ca\/wp-json\/wp\/v2\/pages\/30074?add-to-cart=31746\" aria-label=\"Afegeix a la cistella: &ldquo;Jacob &amp; Co The World Is Yours Dual Time Zone&rdquo;\" data-quantity=\"1\" data-product_id=\"31746\" data-product_sku=\"\" data-price=\"51995\" rel=\"nofollow\" class=\"wp-block-button__link  add_to_cart_button ajax_add_to_cart\">Afegeix a la cistella<\/a><\/div>\n\t\t\t<\/li><\/ul><\/div>","protected":false},"excerpt":{"rendered":"<p>A principis del segle XX, un petit rellotger su\u00eds anomenat EPOS va sorgir com una marca destacada en la ind\u00fastria horol\u00f2gica. Fundada el 1925 per un grup d&#8217;entusiastes dels rellotges&hellip;<\/p>\n","protected":false},"author":1,"featured_media":0,"parent":30048,"menu_order":0,"comment_status":"closed","ping_status":"closed","template":"","meta":{"om_disable_all_campaigns":false,"_monsterinsights_skip_tracking":false,"_monsterinsights_sitenote_active":false,"_monsterinsights_sitenote_note":"","_monsterinsights_sitenote_category":0,"footnotes":""},"class_list":["post-30074","page","type-page","status-publish","hentry"],"aioseo_notices":[],"_links":{"self":[{"href":"https:\/\/raritywatches.com\/ca\/wp-json\/wp\/v2\/pages\/30074","targetHints":{"allow":["GET"]}}],"collection":[{"href":"https:\/\/raritywatches.com\/ca\/wp-json\/wp\/v2\/pages"}],"about":[{"href":"https:\/\/raritywatches.com\/ca\/wp-json\/wp\/v2\/types\/page"}],"author":[{"embeddable":true,"href":"https:\/\/raritywatches.com\/ca\/wp-json\/wp\/v2\/users\/1"}],"replies":[{"embeddable":true,"href":"https:\/\/raritywatches.com\/ca\/wp-json\/wp\/v2\/comments?post=30074"}],"version-history":[{"count":1,"href":"https:\/\/raritywatches.com\/ca\/wp-json\/wp\/v2\/pages\/30074\/revisions"}],"predecessor-version":[{"id":30075,"href":"https:\/\/raritywatches.com\/ca\/wp-json\/wp\/v2\/pages\/30074\/revisions\/30075"}],"up":[{"embeddable":true,"href":"https:\/\/raritywatches.com\/ca\/wp-json\/wp\/v2\/pages\/30048"}],"wp:attachment":[{"href":"https:\/\/raritywatches.com\/ca\/wp-json\/wp\/v2\/media?parent=30074"}],"curies":[{"name":"wp","href":"https:\/\/api.w.org\/{rel}","templated":true}]}}