{"id":30062,"date":"2023-06-21T12:07:15","date_gmt":"2023-06-21T11:07:15","guid":{"rendered":"https:\/\/raritywatches.com\/ciga-design\/"},"modified":"2023-07-10T11:27:31","modified_gmt":"2023-07-10T10:27:31","slug":"ciga-design","status":"publish","type":"page","link":"https:\/\/raritywatches.com\/ca\/marques\/ciga-design\/","title":{"rendered":"CIGA DESIGN"},"content":{"rendered":"\n<figure class=\"wp-block-image size-medium\"><img fetchpriority=\"high\" decoding=\"async\" width=\"300\" height=\"300\" src=\"https:\/\/raritywatches.com\/wp-content\/uploads\/2023\/07\/ciga-design-logo-image-300x300.jpeg\" alt=\"\" class=\"wp-image-29935\" srcset=\"https:\/\/raritywatches.com\/wp-content\/uploads\/2023\/07\/ciga-design-logo-image-300x300.jpeg 300w, https:\/\/raritywatches.com\/wp-content\/uploads\/2023\/07\/ciga-design-logo-image-1024x1024.jpeg 1024w, https:\/\/raritywatches.com\/wp-content\/uploads\/2023\/07\/ciga-design-logo-image-150x150.jpeg 150w, https:\/\/raritywatches.com\/wp-content\/uploads\/2023\/07\/ciga-design-logo-image-768x768.jpeg 768w, https:\/\/raritywatches.com\/wp-content\/uploads\/2023\/07\/ciga-design-logo-image-1536x1536.jpeg 1536w, https:\/\/raritywatches.com\/wp-content\/uploads\/2023\/07\/ciga-design-logo-image-370x370.jpeg 370w, https:\/\/raritywatches.com\/wp-content\/uploads\/2023\/07\/ciga-design-logo-image-120x120.jpeg 120w, https:\/\/raritywatches.com\/wp-content\/uploads\/2023\/07\/ciga-design-logo-image-850x850.jpeg 850w, https:\/\/raritywatches.com\/wp-content\/uploads\/2023\/07\/ciga-design-logo-image-410x410.jpeg 410w, https:\/\/raritywatches.com\/wp-content\/uploads\/2023\/07\/ciga-design-logo-image-350x350.jpeg 350w, https:\/\/raritywatches.com\/wp-content\/uploads\/2023\/07\/ciga-design-logo-image-600x600.jpeg 600w, https:\/\/raritywatches.com\/wp-content\/uploads\/2023\/07\/ciga-design-logo-image.jpeg 1600w\" sizes=\"(max-width: 300px) 100vw, 300px\" \/><\/figure>\n\n<div style=\"height:72px\" aria-hidden=\"true\" class=\"wp-block-spacer\"><\/div>\n<div class=\"flex flex-grow flex-col gap-3\">\n<div class=\"min-h-[20px] flex items-start overflow-x-auto whitespace-pre-wrap break-words flex-col gap-4\">\n<div class=\"markdown prose w-full break-words dark:prose-invert light\">\n<p><strong>Ciga Design<\/strong> \u00e9s una reconeguda marca de rellotges que s&#8217;ha fet un lloc a la ind\u00fastria a trav\u00e9s d&#8217;una rica hist\u00f2ria d&#8217;innovaci\u00f3 i excel\u00b7l\u00e8ncia en el disseny. Explorem el viatge captivador dels rellotges Ciga Design, posant especial \u00e8mfasi en els seus notables assoliments a les cerim\u00f2nies del<strong>GPHG (Grand Prix d&#8217;Horlogerie de Gen\u00e8ve)<\/strong> i dels <strong>German Design Award.<\/strong> <\/p>\n<p>La hist\u00f2ria de Ciga Design es remunta a la seva creaci\u00f3 per un grup de dissenyadors i enginyers visionaris. El seu objectiu era crear rellotges que combinessin perfectament forma i funci\u00f3, superant els l\u00edmits de la rellotgeria tradicional. Amb un enfocament en l&#8217;est\u00e8tica minimalista, els aven\u00e7os tecnol\u00f2gics i l&#8217;artesania de precisi\u00f3, Ciga Design va guanyar r\u00e0pidament el reconeixement pel seu enfocament \u00fanic.  <\/p>\n<p>En reconeixement al seu disseny i artesania excepcionals, Ciga Design va rebre el prestigi\u00f3s premi GPHG Geneva en una categoria espec\u00edfica. El GPHG \u00e9s \u00e0mpliament considerat com la compet\u00e8ncia internacional m\u00e9s estimada de la ind\u00fastria del rellotge. Guanyar un premi GPHG \u00e9s un testimoni del comprom\u00eds d&#8217;una marca amb la innovaci\u00f3, la qualitat i l&#8217;expressi\u00f3 art\u00edstica.  <\/p>\n<p>La categoria espec\u00edfica de GPHG en qu\u00e8 Ciga Design va ser reconegut mostra el seu comprom\u00eds amb l&#8217;excel\u00b7l\u00e8ncia i la innovaci\u00f3 del disseny. El guardonat rellotge mostrava caracter\u00edstiques distintives, com ara un disseny captivador de la esfera, un acabat impecable i una integraci\u00f3 harm\u00f2nica de materials. El jurat, format per reconeguts experts en rellotges, va recon\u00e8ixer l&#8217;enginy de la marca i els va lliurar el prestigi\u00f3s premi GPHG.  <\/p>\n<p>M\u00e9s enll\u00e0 del reconeixement GPHG, Ciga Design tamb\u00e9 va rebre elogis a les cerim\u00f2nies dels Germans Design Award. Aquests prestigiosos premis celebren \u00e8xits de disseny excepcionals en diverses ind\u00fastries, inclosa la rellotgeria. Els innovadors rellotges de Ciga Design, amb la seva combinaci\u00f3 \u00fanica d&#8217;est\u00e8tica i funcionalitat, van captar l&#8217;atenci\u00f3 de la comunitat de disseny alemanya.  <\/p>\n<p>A les cerim\u00f2nies dels Germans Design Award, Ciga Design va ser elogiat per les seves destacades contribucions al disseny de rellotges. La capacitat de la marca per combinar elements cl\u00e0ssics amb est\u00e8tica moderna, l&#8217;\u00fas de materials d&#8217;alta qualitat i l&#8217;atenci\u00f3 als detalls va ressonar amb el jurat i va consolidar la seva reputaci\u00f3 com a l\u00edder del sector. Aquests reconeixements van refor\u00e7ar el comprom\u00eds de Ciga Design amb l&#8217;excel\u00b7l\u00e8ncia i van consolidar encara m\u00e9s la seva pres\u00e8ncia al mercat mundial dels rellotges.  <\/p>\n<p>Els premis GPHG i German Design Awards reconeixen l&#8217;artesania, el disseny i la innovaci\u00f3 excepcionals dins de la ind\u00fastria del rellotge. Els triomfs de Ciga Design en aquests prestigiosos esdeveniments serveixen com a testimoni de la seva inquebrantable recerca de l&#8217;excel\u00b7l\u00e8ncia i de la seva capacitat per captivar el cor dels entusiastes dels rellotges i dels experts del sector. <\/p>\n<p>A mesura que Ciga Design continua avan\u00e7ant els l\u00edmits del disseny de rellotges, la seva hist\u00f2ria de guanys amb GPHG i German Design Award proporciona una base s\u00f2lida per als seus esfor\u00e7os futurs. Els entusiastes esperen amb impaci\u00e8ncia els propers rellotges de la marca, que de ben segur exemplificaran la fusi\u00f3 de creativitat, innovaci\u00f3 i artesania meticulosa per la qual \u00e9s conegut Ciga Design. <\/p>\n<\/div>\n<\/div>\n<\/div>\n<div class=\"flex justify-between lg:block\">\n<div class=\"text-gray-400 flex self-end lg:self-center justify-center mt-2 gap-2 md:gap-3 lg:gap-1 lg:absolute lg:top-0 lg:translate-x-full lg:right-0 lg:mt-0 lg:pl-2 visible\"> <\/div>\n<\/div>\n<\/p>\n<\/p><\/p>\n","protected":false},"excerpt":{"rendered":"<p>Ciga Design \u00e9s una reconeguda marca de rellotges que s&#8217;ha fet un lloc a la ind\u00fastria a trav\u00e9s d&#8217;una rica hist\u00f2ria d&#8217;innovaci\u00f3 i excel\u00b7l\u00e8ncia en el disseny. Explorem el viatge&hellip;<\/p>\n","protected":false},"author":1,"featured_media":0,"parent":30048,"menu_order":0,"comment_status":"closed","ping_status":"closed","template":"","meta":{"om_disable_all_campaigns":false,"_monsterinsights_skip_tracking":false,"_monsterinsights_sitenote_active":false,"_monsterinsights_sitenote_note":"","_monsterinsights_sitenote_category":0,"footnotes":""},"class_list":["post-30062","page","type-page","status-publish","hentry"],"aioseo_notices":[],"_links":{"self":[{"href":"https:\/\/raritywatches.com\/ca\/wp-json\/wp\/v2\/pages\/30062","targetHints":{"allow":["GET"]}}],"collection":[{"href":"https:\/\/raritywatches.com\/ca\/wp-json\/wp\/v2\/pages"}],"about":[{"href":"https:\/\/raritywatches.com\/ca\/wp-json\/wp\/v2\/types\/page"}],"author":[{"embeddable":true,"href":"https:\/\/raritywatches.com\/ca\/wp-json\/wp\/v2\/users\/1"}],"replies":[{"embeddable":true,"href":"https:\/\/raritywatches.com\/ca\/wp-json\/wp\/v2\/comments?post=30062"}],"version-history":[{"count":1,"href":"https:\/\/raritywatches.com\/ca\/wp-json\/wp\/v2\/pages\/30062\/revisions"}],"predecessor-version":[{"id":30063,"href":"https:\/\/raritywatches.com\/ca\/wp-json\/wp\/v2\/pages\/30062\/revisions\/30063"}],"up":[{"embeddable":true,"href":"https:\/\/raritywatches.com\/ca\/wp-json\/wp\/v2\/pages\/30048"}],"wp:attachment":[{"href":"https:\/\/raritywatches.com\/ca\/wp-json\/wp\/v2\/media?parent=30062"}],"curies":[{"name":"wp","href":"https:\/\/api.w.org\/{rel}","templated":true}]}}