{"id":30054,"date":"2023-06-21T11:39:08","date_gmt":"2023-06-21T10:39:08","guid":{"rendered":"https:\/\/raritywatches.com\/charriol-geneva\/"},"modified":"2023-07-10T10:23:03","modified_gmt":"2023-07-10T09:23:03","slug":"charriol-geneva","status":"publish","type":"page","link":"https:\/\/raritywatches.com\/ca\/marques\/charriol-geneva\/","title":{"rendered":"charriol geneva"},"content":{"rendered":"\n<figure class=\"wp-block-image size-medium\"><img decoding=\"async\" width=\"300\" height=\"126\" data-src=\"https:\/\/raritywatches.com\/wp-content\/uploads\/2023\/07\/Charriol-Logo-300x126.jpeg\" alt=\"\" class=\"wp-image-29928 lazyload\" data-srcset=\"https:\/\/raritywatches.com\/wp-content\/uploads\/2023\/07\/Charriol-Logo-300x126.jpeg 300w, https:\/\/raritywatches.com\/wp-content\/uploads\/2023\/07\/Charriol-Logo-370x156.jpeg 370w, https:\/\/raritywatches.com\/wp-content\/uploads\/2023\/07\/Charriol-Logo-410x172.jpeg 410w, https:\/\/raritywatches.com\/wp-content\/uploads\/2023\/07\/Charriol-Logo.jpeg 435w\" data-sizes=\"(max-width: 300px) 100vw, 300px\" src=\"data:image\/gif;base64,R0lGODlhAQABAAAAACH5BAEKAAEALAAAAAABAAEAAAICTAEAOw==\" style=\"--smush-placeholder-width: 300px; --smush-placeholder-aspect-ratio: 300\/126;\" \/><\/figure>\n\n\n\n<div style=\"height:57px\" aria-hidden=\"true\" class=\"wp-block-spacer\"><\/div>\n\n\n<p><strong>CHARRIOL GENEVA<\/strong>, una distingida marca de luxe su\u00efssa, t\u00e9 una hist\u00f2ria captivadora que es remunta a m\u00e9s de tres d\u00e8cades. Fundada per Philippe Charriol el 1983, la marca s&#8217;ha convertit en sin\u00f2nim d&#8217;artesania fina, dissenys distintius i una fusi\u00f3 \u00fanica d&#8217;inspiraci\u00f3 celta i rellotgeria su\u00efssa.<\/p>\n<p>Philippe Charriol, un empresari visionari i un rellotger h\u00e0bil, es va inspirar en les seves arrels celtes per crear una marca que combinaria l&#8217;art antic amb el luxe modern. L&#8217;enfocament inicial de Charriol Geneva va ser la creaci\u00f3 de col\u00b7leccions de joies caracteritzades per motius de cable atrevits, que despr\u00e9s es convertirien en l&#8217;element de disseny caracter\u00edstic de la marca.<\/p>\n<p>El 1984, Charriol Geneva va ampliar la seva oferta per incloure rellotges. Els primers rellotges de la marca van capturar l&#8217;ess\u00e8ncia de les seves joies, amb polseres inspirades en cables i esferes elegants. Aquests rellotges mostraven la dedicaci\u00f3 de Charriol Geneva a l&#8217;artesania exquisida i l&#8217;atenci\u00f3 al detall.<\/p>\n<p>L&#8217;est\u00e8tica diferent de la marca, que combina el luxe amb un toc d&#8217;estil celta, va cridar r\u00e0pidament l&#8217;atenci\u00f3. La reputaci\u00f3 de Charriol Geneva va cr\u00e9ixer a mesura que va introduir noves col\u00b7leccions, incloses les l\u00ednies Celtic, Alexandre i St-Tropez. Aquests rellotges inclouen materials \u00fanics, com ara l&#8217;acer recobert de PVD, l&#8217;or rosa i els diamants, tot mantenint el motiu del cable caracter\u00edstic de la marca.<\/p>\n<p>Charriol Geneva va continuar evolucionant, llan\u00e7ant rellotges innovadors que abra\u00e7aven complicacions avan\u00e7ades. El 1998, la marca va presentar el Celtic Chrono, un rellotge cron\u00f2graf que mostrava l&#8217;experi\u00e8ncia t\u00e8cnica de Charriol Geneva. Amb els anys, la marca va ampliar la seva oferta hor\u00e0ria per incloure models sofisticats amb caracter\u00edstiques com ara tourbillons, fases de la lluna i pantalles retr\u00f2grades.<\/p>\n<p>M\u00e9s enll\u00e0 dels rellotges i les joies, Charriol Geneva va diversificar la seva l\u00ednia de productes per incloure accessoris, frag\u00e0ncies i ulleres. Cada col\u00b7lecci\u00f3 va mantenir el comprom\u00eds de la marca amb la qualitat, el disseny i el motiu caracter\u00edstic del cable, oferint una experi\u00e8ncia d&#8217;estil de vida completa per a la seva clientela exigent.<\/p>\n<p>La filla de Philippe Charriol, Coralie Charriol-Paul, es va incorporar a l&#8217;empresa familiar i va esdevenir fonamental per expandir la pres\u00e8ncia internacional de Charriol Geneva. Els rellotges i les joies de la marca van trobar popularitat entre celebritats, influencers i persones avan\u00e7ades de la moda de tot el m\u00f3n, refor\u00e7ant l&#8217;estatus de Charriol Geneva com a marca de luxe global.<\/p>\n<p>Avui, Charriol Geneva continua creant rellotges i joies excepcionals que encarnen l&#8217;her\u00e8ncia celta de la marca i les tradicions de rellotgeria su\u00efssa. El motiu del cable segueix sent un element central de disseny, reflectint l&#8217;estil distintiu de la marca. El comprom\u00eds de Charriol Geneva amb l&#8217;artesania, la innovaci\u00f3 i l&#8217;eleg\u00e0ncia atemporal garanteix la seva pres\u00e8ncia perdurable al m\u00f3n de la moda de luxe i l&#8217;horologia.<\/p>","protected":false},"excerpt":{"rendered":"<p>CHARRIOL GENEVA, una distingida marca de luxe su\u00efssa, t\u00e9 una hist\u00f2ria captivadora que es remunta a m\u00e9s de tres d\u00e8cades. Fundada per Philippe Charriol el 1983, la marca s&#8217;ha convertit&hellip;<\/p>\n","protected":false},"author":1,"featured_media":0,"parent":30048,"menu_order":0,"comment_status":"closed","ping_status":"closed","template":"","meta":{"om_disable_all_campaigns":false,"_monsterinsights_skip_tracking":false,"_monsterinsights_sitenote_active":false,"_monsterinsights_sitenote_note":"","_monsterinsights_sitenote_category":0,"footnotes":""},"class_list":["post-30054","page","type-page","status-publish","hentry"],"aioseo_notices":[],"_links":{"self":[{"href":"https:\/\/raritywatches.com\/ca\/wp-json\/wp\/v2\/pages\/30054","targetHints":{"allow":["GET"]}}],"collection":[{"href":"https:\/\/raritywatches.com\/ca\/wp-json\/wp\/v2\/pages"}],"about":[{"href":"https:\/\/raritywatches.com\/ca\/wp-json\/wp\/v2\/types\/page"}],"author":[{"embeddable":true,"href":"https:\/\/raritywatches.com\/ca\/wp-json\/wp\/v2\/users\/1"}],"replies":[{"embeddable":true,"href":"https:\/\/raritywatches.com\/ca\/wp-json\/wp\/v2\/comments?post=30054"}],"version-history":[{"count":2,"href":"https:\/\/raritywatches.com\/ca\/wp-json\/wp\/v2\/pages\/30054\/revisions"}],"predecessor-version":[{"id":30059,"href":"https:\/\/raritywatches.com\/ca\/wp-json\/wp\/v2\/pages\/30054\/revisions\/30059"}],"up":[{"embeddable":true,"href":"https:\/\/raritywatches.com\/ca\/wp-json\/wp\/v2\/pages\/30048"}],"wp:attachment":[{"href":"https:\/\/raritywatches.com\/ca\/wp-json\/wp\/v2\/media?parent=30054"}],"curies":[{"name":"wp","href":"https:\/\/api.w.org\/{rel}","templated":true}]}}