{"id":30042,"date":"2023-06-21T11:27:17","date_gmt":"2023-06-21T10:27:17","guid":{"rendered":"https:\/\/raritywatches.com\/audemars-piguet\/"},"modified":"2023-07-10T17:14:05","modified_gmt":"2023-07-10T16:14:05","slug":"audemars-piguet","status":"publish","type":"page","link":"https:\/\/raritywatches.com\/ca\/marques\/audemars-piguet\/","title":{"rendered":"audemars piguet"},"content":{"rendered":"\n<figure class=\"wp-block-image size-medium\"><img decoding=\"async\" width=\"300\" height=\"64\" data-src=\"https:\/\/raritywatches.com\/wp-content\/uploads\/2023\/07\/audemars-piguet-300x64.webp\" alt=\"\" class=\"wp-image-29917 lazyload\" data-srcset=\"https:\/\/raritywatches.com\/wp-content\/uploads\/2023\/07\/audemars-piguet-300x64.webp 300w, https:\/\/raritywatches.com\/wp-content\/uploads\/2023\/07\/audemars-piguet-1024x217.webp 1024w, https:\/\/raritywatches.com\/wp-content\/uploads\/2023\/07\/audemars-piguet-768x163.webp 768w, https:\/\/raritywatches.com\/wp-content\/uploads\/2023\/07\/audemars-piguet-370x78.webp 370w, https:\/\/raritywatches.com\/wp-content\/uploads\/2023\/07\/audemars-piguet-850x180.webp 850w, https:\/\/raritywatches.com\/wp-content\/uploads\/2023\/07\/audemars-piguet-410x87.webp 410w, https:\/\/raritywatches.com\/wp-content\/uploads\/2023\/07\/audemars-piguet-600x127.webp 600w, https:\/\/raritywatches.com\/wp-content\/uploads\/2023\/07\/audemars-piguet.webp 1034w\" data-sizes=\"(max-width: 300px) 100vw, 300px\" src=\"data:image\/gif;base64,R0lGODlhAQABAAAAACH5BAEKAAEALAAAAAABAAEAAAICTAEAOw==\" style=\"--smush-placeholder-width: 300px; --smush-placeholder-aspect-ratio: 300\/64;\" \/><\/figure>\n\n\n\n<p><\/p>\n\n\n\n<p><\/p>\n\n\n\n<div style=\"height:80px\" aria-hidden=\"true\" class=\"wp-block-spacer\"><\/div>\n\n\n\n<p><strong>AUDEMARS PIGUET<\/strong>, un venerat rellotger su\u00eds, compta amb una hist\u00f2ria rica i il\u00b7lustre que abasta m\u00e9s de 145 anys. Fundada l&#8217;any 1875 per Jules Louis Audemars i Edward Auguste Piguet a Le Brassus, Su\u00efssa, la marca s&#8217;ha fet coneguda per la seva artesania intransigent i esperit pioner. <\/p>\n\n\n\n<p>L&#8217;associaci\u00f3 entre Audemars, un rellotger talent\u00f3s, i Piguet, un rellotger expert i expert en el camp dels moviments complicats, va establir les bases de l&#8217;\u00e8xit d&#8217;Audemars Piguet. Des del primer moment, la marca va voler superar els l\u00edmits de la rellotgeria combinant la innovaci\u00f3 t\u00e8cnica amb l&#8217;excel\u00b7l\u00e8ncia art\u00edstica. <\/p>\n\n\n\n<p>Audemars Piguet va guanyar r\u00e0pidament el reconeixement per les seves creacions excepcionals. El 1891, la marca va presentar el primer rellotge de polsera de repetici\u00f3 de minuts del m\u00f3n, un assoliment notable que va mostrar el seu domini de complicacions complicades. Aquest aven\u00e7 va consolidar la reputaci\u00f3 d&#8217;Audemars Piguet com a pioner en innovaci\u00f3 horol\u00f2gica.  <\/p>\n\n\n\n<p>Al llarg del segle XX, Audemars Piguet va continuar avan\u00e7ant en l&#8217;art de la rellotgeria. El comprom\u00eds de la marca amb la precisi\u00f3 i l&#8217;excel\u00b7l\u00e8ncia mec\u00e0nica va portar al desenvolupament de rellotges ic\u00f2nics. L&#8217;any 1972, Audemars Piguet va presentar el Royal Oak, un rellotge esportiu de luxe innovador dissenyat per G\u00e9rald Genta. Amb la seva forma octogonal, cargols a la vista i polsera integrada, el Royal Oak va desafiar les convencions i va redefinir el concepte d&#8217;un rellotge esportiu de luxe.   <\/p>\n\n\n\n<p>A partir de l&#8217;\u00e8xit de la Royal Oak, Audemars Piguet va ampliar el seu repertori introduint altres col\u00b7leccions notables, com ara Royal Oak Offshore, Royal Oak Concept i Royal Oak Equation of Time. Aquests rellotges presentaven materials innovadors, complicacions complicades i dissenys avantguardistes que van captivar els entusiastes dels rellotges de tot el m\u00f3n. <\/p>\n\n\n\n<p>Audemars Piguet tamb\u00e9 va abra\u00e7ar l&#8217;art de l&#8217;artesania d&#8217;alta gamma. El comprom\u00eds de la marca amb els acabats fins i els detalls artesanals s&#8217;exemplifica en els seus moviments, que sovint presenten gravats elaborats, esqueletitzaci\u00f3 i t\u00e8cniques decoratives exquisides. Cada rellotge encarna la dedicaci\u00f3 de la marca tant al domini t\u00e8cnic com a l&#8217;expressi\u00f3 art\u00edstica.  <\/p>\n\n\n\n<p>Com a empresa familiar, Audemars Piguet ha mantingut la seva independ\u00e8ncia i el seu comprom\u00eds amb els valors de la rellotgeria tradicional. Cada rellotge est\u00e0 meticulosament elaborat a casa, combinant t\u00e8cniques centen\u00e0ries amb tecnologia d&#8217;avantguarda. La devoci\u00f3 de la marca a l&#8217;excel\u00b7l\u00e8ncia li ha valgut la reputaci\u00f3 d&#8217;un dels millors rellotgers de luxe del m\u00f3n.  <\/p>\n\n\n\n<p>El llegat d&#8217;Audemars Piguet va m\u00e9s enll\u00e0 de l&#8217;horologia. La marca ha col\u00b7laborat amb artistes, dissenyadors i atletes de renom, superant els l\u00edmits de la creativitat i la innovaci\u00f3. Tamb\u00e9 destaca el seu comprom\u00eds amb la filantropia, amb Audemars Piguet contribuint activament a la conservaci\u00f3 del medi ambient mitjan\u00e7ant iniciatives com la Fundaci\u00f3 Audemars Piguet.  <\/p>\n\n\n\n<p>Avui, Audemars Piguet continua sent celebrada pel seu esperit pioner, coneixements t\u00e8cnics i dissenys ic\u00f2nics. Els seus rellotges s\u00f3n apreciats per col\u00b7leccionistes i coneixedors de tot el m\u00f3n, encarnant l&#8217;her\u00e8ncia d&#8217;excel\u00b7l\u00e8ncia de la marca. El comprom\u00eds inquebrantable d&#8217;Audemars Piguet amb el domini rellotge assegura que es mantindr\u00e0 a l&#8217;avantguarda de la rellotgeria per a les generacions futures.  <\/p>\n","protected":false},"excerpt":{"rendered":"<p>AUDEMARS PIGUET, un venerat rellotger su\u00eds, compta amb una hist\u00f2ria rica i il\u00b7lustre que abasta m\u00e9s de 145 anys. Fundada l&#8217;any 1875 per Jules Louis Audemars i Edward Auguste Piguet&hellip;<\/p>\n","protected":false},"author":1,"featured_media":0,"parent":30048,"menu_order":0,"comment_status":"closed","ping_status":"closed","template":"","meta":{"om_disable_all_campaigns":false,"_monsterinsights_skip_tracking":false,"_monsterinsights_sitenote_active":false,"_monsterinsights_sitenote_note":"","_monsterinsights_sitenote_category":0,"footnotes":""},"class_list":["post-30042","page","type-page","status-publish","hentry"],"aioseo_notices":[],"_links":{"self":[{"href":"https:\/\/raritywatches.com\/ca\/wp-json\/wp\/v2\/pages\/30042","targetHints":{"allow":["GET"]}}],"collection":[{"href":"https:\/\/raritywatches.com\/ca\/wp-json\/wp\/v2\/pages"}],"about":[{"href":"https:\/\/raritywatches.com\/ca\/wp-json\/wp\/v2\/types\/page"}],"author":[{"embeddable":true,"href":"https:\/\/raritywatches.com\/ca\/wp-json\/wp\/v2\/users\/1"}],"replies":[{"embeddable":true,"href":"https:\/\/raritywatches.com\/ca\/wp-json\/wp\/v2\/comments?post=30042"}],"version-history":[{"count":4,"href":"https:\/\/raritywatches.com\/ca\/wp-json\/wp\/v2\/pages\/30042\/revisions"}],"predecessor-version":[{"id":30119,"href":"https:\/\/raritywatches.com\/ca\/wp-json\/wp\/v2\/pages\/30042\/revisions\/30119"}],"up":[{"embeddable":true,"href":"https:\/\/raritywatches.com\/ca\/wp-json\/wp\/v2\/pages\/30048"}],"wp:attachment":[{"href":"https:\/\/raritywatches.com\/ca\/wp-json\/wp\/v2\/media?parent=30042"}],"curies":[{"name":"wp","href":"https:\/\/api.w.org\/{rel}","templated":true}]}}