{"id":29871,"date":"2023-02-15T12:05:27","date_gmt":"2023-02-15T11:05:27","guid":{"rendered":"https:\/\/raritywatches.com\/contacta-amb-el-servei-datencio-al-client\/"},"modified":"2023-02-15T12:05:27","modified_gmt":"2023-02-15T11:05:27","slug":"contacta-amb-el-servei-datencio-al-client","status":"publish","type":"page","link":"https:\/\/raritywatches.com\/ca\/contacta-amb-el-servei-datencio-al-client\/","title":{"rendered":"Contacta amb el Servei d&#8217;Atenci\u00f3 al Client"},"content":{"rendered":"<p role=\"status\" aria-live=\"polite\" aria-atomic=\"true\">\n<ul><\/ul>\n<form action=\"\/wp-admin\/admin-ajax.php#wpcf7-f28123-o1\" method=\"post\" aria-label=\"Contact form\" novalidate=\"novalidate\" data-status=\"init\">\n<input type=\"hidden\" name=\"_wpcf7\" value=\"28123\"><br \/>\n<input type=\"hidden\" name=\"_wpcf7_version\" value=\"5.7.3\"><br \/>\n<input type=\"hidden\" name=\"_wpcf7_locale\" value=\"cat\"><br \/>\n<input type=\"hidden\" name=\"_wpcf7_unit_tag\" value=\"wpcf7-f28123-o1\"><br \/>\n<input type=\"hidden\" name=\"_wpcf7_container_post\" value=\"0\"><br \/>\n<input type=\"hidden\" name=\"_wpcf7_posted_data_hash\" value=\"\"><\/p>\n<p><input size=\"40\" aria-required=\"true\" aria-invalid=\"false\" placeholder=\"Nom\" value=\"\" type=\"text\" name=\"your-name\"><\/p>\n<p><input size=\"40\" aria-required=\"true\" aria-invalid=\"false\" placeholder=\"Cognom\" value=\"\" type=\"text\" name=\"your-surname\"><\/p>\n<p><input size=\"40\" aria-required=\"true\" aria-invalid=\"false\" placeholder=\"Correu electr\u00f2nic\" value=\"\" type=\"email\" name=\"your-email\"><\/p>\n<p><input size=\"40\" minlength=\"6\" aria-required=\"true\" aria-invalid=\"false\" placeholder=\"Tel\" value=\"\" type=\"tel\" name=\"your-tel\"><\/p>\n<p><label><input type=\"checkbox\" name=\"checkbox-450[]\" value=\"M'agradaria comprar aquest rellotge\" tabindex=\"\">M&#8217;agradaria comprar aquest rellotge<\/label><\/p>\n<p><textarea cols=\"40\" rows=\"10\" aria-invalid=\"false\" placeholder=\"Rellotge SKU #\" name=\"your-message\"><\/textarea><\/p>\n<p><input size=\"40\" aria-invalid=\"false\" value=\"https:\/\/raritywatches.com\/privacy-policy\" type=\"text\" name=\"text-949\"><\/p>\n<p><label><input type=\"checkbox\" name=\"acceptance-425\" value=\"1\" aria-invalid=\"false\">Accepto la Pol\u00edtica de Privacitat<\/label><\/p>\n<p><label>Quina \u00e9s la capital de Fran\u00e7a? <input size=\"40\" autocomplete=\"off\" aria-required=\"true\" aria-invalid=\"false\" type=\"text\" name=\"quiz-808\"><\/label><input type=\"hidden\" name=\"_wpcf7_quiz_answer_quiz-808\" value=\"b8de650a842be9131fd2c6d85513b2dc\"><\/p>\n<p><input type=\"submit\" value=\"Sol\u00b7licitud d'adhesi\u00f3\"><\/p>\n<\/form>\n","protected":false},"excerpt":{"rendered":"<p>M&#8217;agradaria comprar aquest rellotge Accepto la Pol\u00edtica de Privacitat Quina \u00e9s la capital de Fran\u00e7a?<\/p>\n","protected":false},"author":1,"featured_media":0,"parent":0,"menu_order":0,"comment_status":"closed","ping_status":"closed","template":"","meta":{"om_disable_all_campaigns":false,"_monsterinsights_skip_tracking":false,"_monsterinsights_sitenote_active":false,"_monsterinsights_sitenote_note":"","_monsterinsights_sitenote_category":0,"footnotes":""},"class_list":["post-29871","page","type-page","status-publish","hentry"],"aioseo_notices":[],"_links":{"self":[{"href":"https:\/\/raritywatches.com\/ca\/wp-json\/wp\/v2\/pages\/29871","targetHints":{"allow":["GET"]}}],"collection":[{"href":"https:\/\/raritywatches.com\/ca\/wp-json\/wp\/v2\/pages"}],"about":[{"href":"https:\/\/raritywatches.com\/ca\/wp-json\/wp\/v2\/types\/page"}],"author":[{"embeddable":true,"href":"https:\/\/raritywatches.com\/ca\/wp-json\/wp\/v2\/users\/1"}],"replies":[{"embeddable":true,"href":"https:\/\/raritywatches.com\/ca\/wp-json\/wp\/v2\/comments?post=29871"}],"version-history":[{"count":0,"href":"https:\/\/raritywatches.com\/ca\/wp-json\/wp\/v2\/pages\/29871\/revisions"}],"wp:attachment":[{"href":"https:\/\/raritywatches.com\/ca\/wp-json\/wp\/v2\/media?parent=29871"}],"curies":[{"name":"wp","href":"https:\/\/api.w.org\/{rel}","templated":true}]}}