{"id":25960,"date":"2020-04-30T11:12:41","date_gmt":"2020-04-30T10:12:41","guid":{"rendered":"https:\/\/raritywatches.com\/contacta-amb-nosaltres\/"},"modified":"2023-08-10T09:49:40","modified_gmt":"2023-08-10T08:49:40","slug":"contacta-amb-nosaltres","status":"publish","type":"page","link":"https:\/\/raritywatches.com\/ca\/contacta-amb-nosaltres\/","title":{"rendered":"Contacta amb nosaltres"},"content":{"rendered":"<p><img fetchpriority=\"high\" decoding=\"async\" class=\"aligncenter\" src=\"https:\/\/raritywatches.com\/wp-content\/uploads\/2023\/06\/LUXURY-WATCHES-PHOTO-225x300.jpg\" sizes=\"(max-width: 225px) 100vw, 225px\" srcset=\"https:\/\/raritywatches.com\/wp-content\/uploads\/2023\/06\/LUXURY-WATCHES-PHOTO-225x300.jpg 225w, https:\/\/raritywatches.com\/wp-content\/uploads\/2023\/06\/LUXURY-WATCHES-PHOTO-768x1024.jpg 768w, https:\/\/raritywatches.com\/wp-content\/uploads\/2023\/06\/LUXURY-WATCHES-PHOTO-1152x1536.jpg 1152w, https:\/\/raritywatches.com\/wp-content\/uploads\/2023\/06\/LUXURY-WATCHES-PHOTO-1536x2048.jpg 1536w, https:\/\/raritywatches.com\/wp-content\/uploads\/2023\/06\/LUXURY-WATCHES-PHOTO-370x493.jpg 370w, https:\/\/raritywatches.com\/wp-content\/uploads\/2023\/06\/LUXURY-WATCHES-PHOTO-850x1133.jpg 850w, https:\/\/raritywatches.com\/wp-content\/uploads\/2023\/06\/LUXURY-WATCHES-PHOTO-410x547.jpg 410w, https:\/\/raritywatches.com\/wp-content\/uploads\/2023\/06\/LUXURY-WATCHES-PHOTO-600x800.jpg 600w, https:\/\/raritywatches.com\/wp-content\/uploads\/2023\/06\/LUXURY-WATCHES-PHOTO-scaled.jpg 1920w\" alt=\"\" width=\"225\" height=\"300\" \/><\/p>\n<p>Benvingut al nostre lux\u00f3s Watch Lounge &#8211; <strong>Luxury Watches Andorra<\/strong> &#8211; situat al cor de l&#8217;hist\u00f2ric districte de rellotges d&#8217;Andorra la Vella. Adre\u00e7a: Carrer Doctor Nequi no9, Andorra La Vella, AD500 Andorra. Tel\u00e8fon:+376 814460 Whatsapp:+376 373277 Email: contact@raritywatches.com<\/p>\n<p><iframe title=\"Luxury Watches Andorra\" data-src=\"https:\/\/maps.google.com\/maps?q=Luxury%20Watches%20Andorra&amp;t=m&amp;z=10&amp;output=embed&amp;iwloc=near\" aria-label=\"Luxury Watches Andorra\" src=\"data:image\/gif;base64,R0lGODlhAQABAAAAACH5BAEKAAEALAAAAAABAAEAAAICTAEAOw==\" class=\"lazyload\" data-load-mode=\"1\"><\/iframe><\/p>\n<p><strong>Aparcament comunal a menys de 5 min. a peu &#8211; Aparcament comunal Vinyes &#8211; entrada des de la pla\u00e7a Reb\u00e8s.<\/strong><\/p>\n<p><iframe title=\"Aparcament Andorra La Vella\" data-src=\"https:\/\/maps.google.com\/maps?q=Andorra%20La%20Vella%20parking&amp;t=m&amp;z=10&amp;output=embed&amp;iwloc=near\" aria-label=\"Andorra La Vella parking\" src=\"data:image\/gif;base64,R0lGODlhAQABAAAAACH5BAEKAAEALAAAAAABAAEAAAICTAEAOw==\" class=\"lazyload\" data-load-mode=\"1\"><\/iframe><\/p>\n<h2>CONTACTE<\/h2>\n<form action=\"\/wp-admin\/admin-ajax.php#wpcf7-f1326-o1\" method=\"post\" novalidate=\"novalidate\" aria-label=\"Contact form\" data-status=\"init\" data-inited-validation=\"1\"><input name=\"_wpcf7_posted_data_hash\" type=\"hidden\" value=\"\" \/><input class=\"fill_inited\" name=\"your-name\" size=\"40\" type=\"text\" value=\"\" placeholder=\"Nom\" aria-required=\"true\" aria-invalid=\"false\" \/><\/p>\n<p><input class=\"fill_inited\" name=\"your-email\" size=\"40\" type=\"email\" value=\"\" placeholder=\"Correu electr\u00f2nic\" aria-required=\"true\" aria-invalid=\"false\" \/><\/p>\n<p><input class=\"fill_inited\" name=\"subject\" size=\"40\" type=\"text\" value=\"\" placeholder=\"Assignatura\" aria-required=\"true\" aria-invalid=\"false\" \/><\/p>\n<p><textarea class=\"fill_inited\" cols=\"40\" name=\"your-message\" rows=\"10\" placeholder=\"Com et podem ajudar? No dubteu a posar-vos en contacte!\" aria-required=\"true\" aria-invalid=\"false\"><\/textarea><\/p>\n<p><label><input class=\"inited\" name=\"acceptance\" type=\"checkbox\" value=\"1\" aria-invalid=\"false\" \/>Accepto que les meves dades enviades <a href=\"https:\/\/raritywatches.com\/ca\/politica-de-privacitat\/\">s&#8217;estanrecopilant i emmagatzemant<\/a>.<\/label> <input class=\"inited\" name=\"wpgdprc\" type=\"checkbox\" value=\"1\" aria-required=\"true\" aria-invalid=\"false\" \/>En utilitzar aquest formulari, accepteu l&#8217;emmagatzematge i el tractament de les vostres dades per part d&#8217;aquest lloc web.<\/p>\n<p><input type=\"submit\" value=\"Posar-se en contacte\" \/><\/p>\n<\/form>\n","protected":false},"excerpt":{"rendered":"<p>Benvingut al nostre lux\u00f3s Watch Lounge &#8211; Luxury Watches Andorra &#8211; situat al cor de l&#8217;hist\u00f2ric districte de rellotges d&#8217;Andorra la Vella. Adre\u00e7a: Carrer Doctor Nequi no9, Andorra La Vella,&hellip;<\/p>\n","protected":false},"author":1,"featured_media":0,"parent":0,"menu_order":0,"comment_status":"closed","ping_status":"closed","template":"","meta":{"om_disable_all_campaigns":false,"_monsterinsights_skip_tracking":false,"_monsterinsights_sitenote_active":false,"_monsterinsights_sitenote_note":"","_monsterinsights_sitenote_category":0,"footnotes":""},"class_list":["post-25960","page","type-page","status-publish","hentry"],"aioseo_notices":[],"_links":{"self":[{"href":"https:\/\/raritywatches.com\/ca\/wp-json\/wp\/v2\/pages\/25960","targetHints":{"allow":["GET"]}}],"collection":[{"href":"https:\/\/raritywatches.com\/ca\/wp-json\/wp\/v2\/pages"}],"about":[{"href":"https:\/\/raritywatches.com\/ca\/wp-json\/wp\/v2\/types\/page"}],"author":[{"embeddable":true,"href":"https:\/\/raritywatches.com\/ca\/wp-json\/wp\/v2\/users\/1"}],"replies":[{"embeddable":true,"href":"https:\/\/raritywatches.com\/ca\/wp-json\/wp\/v2\/comments?post=25960"}],"version-history":[{"count":18,"href":"https:\/\/raritywatches.com\/ca\/wp-json\/wp\/v2\/pages\/25960\/revisions"}],"predecessor-version":[{"id":31380,"href":"https:\/\/raritywatches.com\/ca\/wp-json\/wp\/v2\/pages\/25960\/revisions\/31380"}],"wp:attachment":[{"href":"https:\/\/raritywatches.com\/ca\/wp-json\/wp\/v2\/media?parent=25960"}],"curies":[{"name":"wp","href":"https:\/\/api.w.org\/{rel}","templated":true}]}}